{"id":777,"date":"2021-02-25T08:42:23","date_gmt":"2021-02-25T08:42:23","guid":{"rendered":"https:\/\/www.fusteriamarti.com\/avis-legal\/"},"modified":"2021-02-25T08:42:23","modified_gmt":"2021-02-25T08:42:23","slug":"avis-legal","status":"publish","type":"page","link":"https:\/\/www.fusteriamarti.com\/ca\/avis-legal\/","title":{"rendered":"Av\u00eds legal"},"content":{"rendered":"\t\t<div data-elementor-type=\"wp-page\" data-elementor-id=\"777\" class=\"elementor elementor-777 elementor-602\" data-elementor-post-type=\"page\">\n\t\t\t\t\t\t<section class=\"elementor-section elementor-top-section elementor-element elementor-element-7685b6c elementor-section-boxed elementor-section-height-default elementor-section-height-default\" data-id=\"7685b6c\" data-element_type=\"section\" data-e-type=\"section\">\n\t\t\t\t\t\t<div class=\"elementor-container elementor-column-gap-default\">\n\t\t\t\t\t<div class=\"elementor-column elementor-col-100 elementor-top-column elementor-element elementor-element-3056808\" data-id=\"3056808\" data-element_type=\"column\" data-e-type=\"column\">\n\t\t\t<div class=\"elementor-widget-wrap elementor-element-populated\">\n\t\t\t\t\t\t<div class=\"elementor-element elementor-element-e7863f4 elementor-widget elementor-widget-text-editor\" data-id=\"e7863f4\" data-element_type=\"widget\" data-e-type=\"widget\" data-widget_type=\"text-editor.default\">\n\t\t\t\t<div class=\"elementor-widget-container\">\n\t\t\t\t\t\t\t\t\t<p>El titular d&#8217;aquest lloc web \u00e9s ANTONI MART\u00cd SOLER, amb N.I.F. 77961405F, amb domicili en Carrer Ram\u00f3n y Cajal 65, 17480 Roses (Girona).<\/p>\n<p>L&#8217;acc\u00e9s al lloc web de www.fusteriamarti.com \u00e9s gratu\u00eft. Tot el contingut \u00e9s propietat intel\u00b7lectual d&#8217;ANTONI MART\u00cd SOLER. Qualsevol utilitzaci\u00f3 dels mateixos contr\u00e0ria a les normes en mat\u00e8ria de propietat intel\u00b7lectual ser\u00e0 perseguida conformement a la legislaci\u00f3 vigent.<\/p>\n\t\t\t\t\t\t\t\t<\/div>\n\t\t\t\t<\/div>\n\t\t\t\t\t<\/div>\n\t\t<\/div>\n\t\t\t\t\t<\/div>\n\t\t<\/section>\n\t\t\t\t<\/div>\n\t\t","protected":false},"excerpt":{"rendered":"<p>El titular d&#8217;aquest lloc web \u00e9s ANTONI MART\u00cd SOLER, amb N.I.F. 77961405F, amb domicili en Carrer Ram\u00f3n y Cajal 65, 17480 Roses (Girona). L&#8217;acc\u00e9s al lloc web de www.fusteriamarti.com \u00e9s gratu\u00eft. Tot el contingut \u00e9s propietat intel\u00b7lectual d&#8217;ANTONI MART\u00cd SOLER. Qualsevol utilitzaci\u00f3 dels mateixos contr\u00e0ria a les normes en mat\u00e8ria de propietat intel\u00b7lectual ser\u00e0 perseguida [&hellip;]<\/p>\n","protected":false},"author":1,"featured_media":0,"parent":0,"menu_order":0,"comment_status":"closed","ping_status":"closed","template":"elementor_header_footer","meta":{"footnotes":""},"class_list":["post-777","page","type-page","status-publish","hentry"],"yoast_head":"<!-- This site is optimized with the Yoast SEO plugin v27.2 - https:\/\/yoast.com\/product\/yoast-seo-wordpress\/ -->\n<title>Av\u00eds legal &#8226; Fusteria Mart\u00ed<\/title>\n<meta name=\"robots\" content=\"noindex, nofollow\" \/>\n<meta property=\"og:locale\" content=\"ca_ES\" \/>\n<meta property=\"og:type\" content=\"article\" \/>\n<meta property=\"og:title\" content=\"Av\u00eds legal &#8226; Fusteria Mart\u00ed\" \/>\n<meta property=\"og:description\" content=\"El titular d&#8217;aquest lloc web \u00e9s ANTONI MART\u00cd SOLER, amb N.I.F. 77961405F, amb domicili en Carrer Ram\u00f3n y Cajal 65, 17480 Roses (Girona). L&#8217;acc\u00e9s al lloc web de www.fusteriamarti.com \u00e9s gratu\u00eft. Tot el contingut \u00e9s propietat intel\u00b7lectual d&#8217;ANTONI MART\u00cd SOLER. Qualsevol utilitzaci\u00f3 dels mateixos contr\u00e0ria a les normes en mat\u00e8ria de propietat intel\u00b7lectual ser\u00e0 perseguida [&hellip;]\" \/>\n<meta property=\"og:url\" content=\"https:\/\/www.fusteriamarti.com\/ca\/avis-legal\/\" \/>\n<meta property=\"og:site_name\" content=\"Fusteria Mart\u00ed\" \/>\n<meta name=\"twitter:card\" content=\"summary_large_image\" \/>\n<script type=\"application\/ld+json\" class=\"yoast-schema-graph\">{\"@context\":\"https:\/\/schema.org\",\"@graph\":[{\"@type\":\"WebPage\",\"@id\":\"https:\/\/www.fusteriamarti.com\/ca\/avis-legal\/\",\"url\":\"https:\/\/www.fusteriamarti.com\/ca\/avis-legal\/\",\"name\":\"Av\u00eds legal &#8226; Fusteria Mart\u00ed\",\"isPartOf\":{\"@id\":\"https:\/\/www.fusteriamarti.com\/ca\/#website\"},\"datePublished\":\"2021-02-25T08:42:23+00:00\",\"breadcrumb\":{\"@id\":\"https:\/\/www.fusteriamarti.com\/ca\/avis-legal\/#breadcrumb\"},\"inLanguage\":\"ca\",\"potentialAction\":[{\"@type\":\"ReadAction\",\"target\":[\"https:\/\/www.fusteriamarti.com\/ca\/avis-legal\/\"]}]},{\"@type\":\"BreadcrumbList\",\"@id\":\"https:\/\/www.fusteriamarti.com\/ca\/avis-legal\/#breadcrumb\",\"itemListElement\":[{\"@type\":\"ListItem\",\"position\":1,\"name\":\"Portada\",\"item\":\"https:\/\/www.fusteriamarti.com\/ca\/\"},{\"@type\":\"ListItem\",\"position\":2,\"name\":\"Av\u00eds legal\"}]},{\"@type\":\"WebSite\",\"@id\":\"https:\/\/www.fusteriamarti.com\/ca\/#website\",\"url\":\"https:\/\/www.fusteriamarti.com\/ca\/\",\"name\":\"Fusteria Mart\u00ed\",\"description\":\"Treballant la fusta a Roses des de 1969\",\"publisher\":{\"@id\":\"https:\/\/www.fusteriamarti.com\/ca\/#organization\"},\"potentialAction\":[{\"@type\":\"SearchAction\",\"target\":{\"@type\":\"EntryPoint\",\"urlTemplate\":\"https:\/\/www.fusteriamarti.com\/ca\/?s={search_term_string}\"},\"query-input\":{\"@type\":\"PropertyValueSpecification\",\"valueRequired\":true,\"valueName\":\"search_term_string\"}}],\"inLanguage\":\"ca\"},{\"@type\":\"Organization\",\"@id\":\"https:\/\/www.fusteriamarti.com\/ca\/#organization\",\"name\":\"Fusteria Mart\u00ed\",\"url\":\"https:\/\/www.fusteriamarti.com\/ca\/\",\"logo\":{\"@type\":\"ImageObject\",\"inLanguage\":\"ca\",\"@id\":\"https:\/\/www.fusteriamarti.com\/ca\/#\/schema\/logo\/image\/\",\"url\":\"https:\/\/www.fusteriamarti.com\/wp-content\/uploads\/2021\/02\/logonou268px.png\",\"contentUrl\":\"https:\/\/www.fusteriamarti.com\/wp-content\/uploads\/2021\/02\/logonou268px.png\",\"width\":268,\"height\":38,\"caption\":\"Fusteria Mart\u00ed\"},\"image\":{\"@id\":\"https:\/\/www.fusteriamarti.com\/ca\/#\/schema\/logo\/image\/\"}}]}<\/script>\n<!-- \/ Yoast SEO plugin. -->","yoast_head_json":{"title":"Av\u00eds legal &#8226; Fusteria Mart\u00ed","robots":{"index":"noindex","follow":"nofollow"},"og_locale":"ca_ES","og_type":"article","og_title":"Av\u00eds legal &#8226; Fusteria Mart\u00ed","og_description":"El titular d&#8217;aquest lloc web \u00e9s ANTONI MART\u00cd SOLER, amb N.I.F. 77961405F, amb domicili en Carrer Ram\u00f3n y Cajal 65, 17480 Roses (Girona). L&#8217;acc\u00e9s al lloc web de www.fusteriamarti.com \u00e9s gratu\u00eft. Tot el contingut \u00e9s propietat intel\u00b7lectual d&#8217;ANTONI MART\u00cd SOLER. Qualsevol utilitzaci\u00f3 dels mateixos contr\u00e0ria a les normes en mat\u00e8ria de propietat intel\u00b7lectual ser\u00e0 perseguida [&hellip;]","og_url":"https:\/\/www.fusteriamarti.com\/ca\/avis-legal\/","og_site_name":"Fusteria Mart\u00ed","twitter_card":"summary_large_image","schema":{"@context":"https:\/\/schema.org","@graph":[{"@type":"WebPage","@id":"https:\/\/www.fusteriamarti.com\/ca\/avis-legal\/","url":"https:\/\/www.fusteriamarti.com\/ca\/avis-legal\/","name":"Av\u00eds legal &#8226; Fusteria Mart\u00ed","isPartOf":{"@id":"https:\/\/www.fusteriamarti.com\/ca\/#website"},"datePublished":"2021-02-25T08:42:23+00:00","breadcrumb":{"@id":"https:\/\/www.fusteriamarti.com\/ca\/avis-legal\/#breadcrumb"},"inLanguage":"ca","potentialAction":[{"@type":"ReadAction","target":["https:\/\/www.fusteriamarti.com\/ca\/avis-legal\/"]}]},{"@type":"BreadcrumbList","@id":"https:\/\/www.fusteriamarti.com\/ca\/avis-legal\/#breadcrumb","itemListElement":[{"@type":"ListItem","position":1,"name":"Portada","item":"https:\/\/www.fusteriamarti.com\/ca\/"},{"@type":"ListItem","position":2,"name":"Av\u00eds legal"}]},{"@type":"WebSite","@id":"https:\/\/www.fusteriamarti.com\/ca\/#website","url":"https:\/\/www.fusteriamarti.com\/ca\/","name":"Fusteria Mart\u00ed","description":"Treballant la fusta a Roses des de 1969","publisher":{"@id":"https:\/\/www.fusteriamarti.com\/ca\/#organization"},"potentialAction":[{"@type":"SearchAction","target":{"@type":"EntryPoint","urlTemplate":"https:\/\/www.fusteriamarti.com\/ca\/?s={search_term_string}"},"query-input":{"@type":"PropertyValueSpecification","valueRequired":true,"valueName":"search_term_string"}}],"inLanguage":"ca"},{"@type":"Organization","@id":"https:\/\/www.fusteriamarti.com\/ca\/#organization","name":"Fusteria Mart\u00ed","url":"https:\/\/www.fusteriamarti.com\/ca\/","logo":{"@type":"ImageObject","inLanguage":"ca","@id":"https:\/\/www.fusteriamarti.com\/ca\/#\/schema\/logo\/image\/","url":"https:\/\/www.fusteriamarti.com\/wp-content\/uploads\/2021\/02\/logonou268px.png","contentUrl":"https:\/\/www.fusteriamarti.com\/wp-content\/uploads\/2021\/02\/logonou268px.png","width":268,"height":38,"caption":"Fusteria Mart\u00ed"},"image":{"@id":"https:\/\/www.fusteriamarti.com\/ca\/#\/schema\/logo\/image\/"}}]}},"_links":{"self":[{"href":"https:\/\/www.fusteriamarti.com\/ca\/wp-json\/wp\/v2\/pages\/777","targetHints":{"allow":["GET"]}}],"collection":[{"href":"https:\/\/www.fusteriamarti.com\/ca\/wp-json\/wp\/v2\/pages"}],"about":[{"href":"https:\/\/www.fusteriamarti.com\/ca\/wp-json\/wp\/v2\/types\/page"}],"author":[{"embeddable":true,"href":"https:\/\/www.fusteriamarti.com\/ca\/wp-json\/wp\/v2\/users\/1"}],"replies":[{"embeddable":true,"href":"https:\/\/www.fusteriamarti.com\/ca\/wp-json\/wp\/v2\/comments?post=777"}],"version-history":[{"count":1,"href":"https:\/\/www.fusteriamarti.com\/ca\/wp-json\/wp\/v2\/pages\/777\/revisions"}],"predecessor-version":[{"id":778,"href":"https:\/\/www.fusteriamarti.com\/ca\/wp-json\/wp\/v2\/pages\/777\/revisions\/778"}],"wp:attachment":[{"href":"https:\/\/www.fusteriamarti.com\/ca\/wp-json\/wp\/v2\/media?parent=777"}],"curies":[{"name":"wp","href":"https:\/\/api.w.org\/{rel}","templated":true}]}}