{"id":779,"date":"2021-02-25T08:45:56","date_gmt":"2021-02-25T08:45:56","guid":{"rendered":"https:\/\/www.fusteriamarti.com\/contacte\/"},"modified":"2025-02-06T18:53:08","modified_gmt":"2025-02-06T18:53:08","slug":"contacte","status":"publish","type":"page","link":"https:\/\/www.fusteriamarti.com\/ca\/contacte\/","title":{"rendered":"Contacte"},"content":{"rendered":"\t\t<div data-elementor-type=\"wp-page\" data-elementor-id=\"779\" class=\"elementor elementor-779 elementor-161\" data-elementor-post-type=\"page\">\n\t\t\t\t\t\t<section class=\"elementor-section elementor-top-section elementor-element elementor-element-6c12b9b elementor-section-boxed elementor-section-height-default elementor-section-height-default\" data-id=\"6c12b9b\" data-element_type=\"section\" data-e-type=\"section\">\n\t\t\t\t\t\t<div class=\"elementor-container elementor-column-gap-default\">\n\t\t\t\t\t<div class=\"elementor-column elementor-col-100 elementor-top-column elementor-element elementor-element-5e91021\" data-id=\"5e91021\" data-element_type=\"column\" data-e-type=\"column\">\n\t\t\t<div class=\"elementor-widget-wrap elementor-element-populated\">\n\t\t\t\t\t\t<div class=\"elementor-element elementor-element-fb1cc59 elementor-widget elementor-widget-text-editor\" data-id=\"fb1cc59\" data-element_type=\"widget\" data-e-type=\"widget\" data-widget_type=\"text-editor.default\">\n\t\t\t\t<div class=\"elementor-widget-container\">\n\t\t\t\t\t\t\t\t\t<p>Contacta&#8217;ns<\/p>\n\t\t\t\t\t\t\t\t<\/div>\n\t\t\t\t<\/div>\n\t\t\t\t<div class=\"elementor-element elementor-element-7bad59d elementor-widget elementor-widget-text-editor\" data-id=\"7bad59d\" data-element_type=\"widget\" data-e-type=\"widget\" data-widget_type=\"text-editor.default\">\n\t\t\t\t<div class=\"elementor-widget-container\">\n\t\t\t\t\t\t\t\t\t<div class=\"agni_custom_heading page-scroll\">\n<p class=\"vc_custom_heading agni_custom_design_css agni_custom_heading_content \" data-css-existing=\"font-size: 24px;color: #000000;text-align: center; \"><strong>Ens trobar\u00e0s a<\/strong><\/p>\n<\/div>\n<p class=\"vc_custom_heading agni_custom_design_css agni_custom_heading_content \" data-css-existing=\"color: #555555;text-align: center; \">Carrer Ramon y Cajal, 65 Baixos, 17480 Roses (Girona)<\/p>\n<div class=\"agni_custom_heading page-scroll\">\n<p class=\"vc_custom_heading agni_custom_design_css agni_custom_heading_content \" data-css-existing=\"color: #555555;text-align: center; \">toni@fusteriamarti.com<\/p>\n<p class=\"vc_custom_heading agni_custom_design_css agni_custom_heading_content \" data-css-existing=\"color: #555555;text-align: center; \">(+34) 627 000 192\u00a0 |\u00a0 972 256 877<\/p>\n<\/div>\n\t\t\t\t\t\t\t\t<\/div>\n\t\t\t\t<\/div>\n\t\t\t\t\t<\/div>\n\t\t<\/div>\n\t\t\t\t\t<\/div>\n\t\t<\/section>\n\t\t\t\t<section class=\"elementor-section elementor-top-section elementor-element elementor-element-a4f199c elementor-section-boxed elementor-section-height-default elementor-section-height-default\" data-id=\"a4f199c\" data-element_type=\"section\" data-e-type=\"section\">\n\t\t\t\t\t\t<div class=\"elementor-container elementor-column-gap-default\">\n\t\t\t\t\t<div class=\"elementor-column elementor-col-100 elementor-top-column elementor-element elementor-element-5e391e3\" data-id=\"5e391e3\" data-element_type=\"column\" data-e-type=\"column\">\n\t\t\t<div class=\"elementor-widget-wrap elementor-element-populated\">\n\t\t\t\t\t\t<div class=\"elementor-element elementor-element-9abc28c elementor-widget elementor-widget-google_maps\" data-id=\"9abc28c\" data-element_type=\"widget\" data-e-type=\"widget\" id=\"map\" data-widget_type=\"google_maps.default\">\n\t\t\t\t<div class=\"elementor-widget-container\">\n\t\t\t\t\t\t\t<div class=\"elementor-custom-embed\">\n\t\t\t<iframe loading=\"lazy\"\n\t\t\t\t\tsrc=\"https:\/\/maps.google.com\/maps?q=fusteria%20marti%20roses&#038;t=m&#038;z=16&#038;output=embed&#038;iwloc=near\"\n\t\t\t\t\ttitle=\"fusteria marti roses\"\n\t\t\t\t\taria-label=\"fusteria marti roses\"\n\t\t\t><\/iframe>\n\t\t<\/div>\n\t\t\t\t\t\t<\/div>\n\t\t\t\t<\/div>\n\t\t\t\t\t<\/div>\n\t\t<\/div>\n\t\t\t\t\t<\/div>\n\t\t<\/section>\n\t\t\t\t<\/div>\n\t\t","protected":false},"excerpt":{"rendered":"<p>Contacta&#8217;ns Ens trobar\u00e0s a Carrer Ramon y Cajal, 65 Baixos, 17480 Roses (Girona) toni@fusteriamarti.com (+34) 627 000 192\u00a0 |\u00a0 972 256 877<\/p>\n","protected":false},"author":1,"featured_media":776,"parent":0,"menu_order":0,"comment_status":"closed","ping_status":"closed","template":"elementor_header_footer","meta":{"footnotes":""},"class_list":["post-779","page","type-page","status-publish","has-post-thumbnail","hentry"],"yoast_head":"<!-- This site is optimized with the Yoast SEO plugin v27.2 - https:\/\/yoast.com\/product\/yoast-seo-wordpress\/ -->\n<title>Contacte &#8226; Fusteria Mart\u00ed<\/title>\n<meta name=\"description\" content=\"Contacta amb nosaltres i demana pressupost totalment personalitzat i sense comprom\u00eds. Et donarem resposta el m\u00e9s aviat possible.\" \/>\n<meta name=\"robots\" content=\"index, follow, max-snippet:-1, max-image-preview:large, max-video-preview:-1\" \/>\n<link rel=\"canonical\" href=\"https:\/\/www.fusteriamarti.com\/ca\/contacte\/\" \/>\n<meta property=\"og:locale\" content=\"ca_ES\" \/>\n<meta property=\"og:type\" content=\"article\" \/>\n<meta property=\"og:title\" content=\"Contacte &#8226; Fusteria Mart\u00ed\" \/>\n<meta property=\"og:description\" content=\"Contacta amb nosaltres i demana pressupost totalment personalitzat i sense comprom\u00eds. Et donarem resposta el m\u00e9s aviat possible.\" \/>\n<meta property=\"og:url\" content=\"https:\/\/www.fusteriamarti.com\/ca\/contacte\/\" \/>\n<meta property=\"og:site_name\" content=\"Fusteria Mart\u00ed\" \/>\n<meta property=\"article:modified_time\" content=\"2025-02-06T18:53:08+00:00\" \/>\n<meta property=\"og:image\" content=\"https:\/\/www.fusteriamarti.com\/wp-content\/uploads\/2021\/02\/fusteriamarti-logo.jpg\" \/>\n\t<meta property=\"og:image:width\" content=\"300\" \/>\n\t<meta property=\"og:image:height\" content=\"300\" \/>\n\t<meta property=\"og:image:type\" content=\"image\/jpeg\" \/>\n<meta name=\"twitter:card\" content=\"summary_large_image\" \/>\n<script type=\"application\/ld+json\" class=\"yoast-schema-graph\">{\"@context\":\"https:\/\/schema.org\",\"@graph\":[{\"@type\":\"WebPage\",\"@id\":\"https:\/\/www.fusteriamarti.com\/ca\/contacte\/\",\"url\":\"https:\/\/www.fusteriamarti.com\/ca\/contacte\/\",\"name\":\"Contacte &#8226; Fusteria Mart\u00ed\",\"isPartOf\":{\"@id\":\"https:\/\/www.fusteriamarti.com\/ca\/#website\"},\"primaryImageOfPage\":{\"@id\":\"https:\/\/www.fusteriamarti.com\/ca\/contacte\/#primaryimage\"},\"image\":{\"@id\":\"https:\/\/www.fusteriamarti.com\/ca\/contacte\/#primaryimage\"},\"thumbnailUrl\":\"https:\/\/www.fusteriamarti.com\/wp-content\/uploads\/2021\/02\/fusteriamarti-logo.jpg\",\"datePublished\":\"2021-02-25T08:45:56+00:00\",\"dateModified\":\"2025-02-06T18:53:08+00:00\",\"description\":\"Contacta amb nosaltres i demana pressupost totalment personalitzat i sense comprom\u00eds. Et donarem resposta el m\u00e9s aviat possible.\",\"breadcrumb\":{\"@id\":\"https:\/\/www.fusteriamarti.com\/ca\/contacte\/#breadcrumb\"},\"inLanguage\":\"ca\",\"potentialAction\":[{\"@type\":\"ReadAction\",\"target\":[\"https:\/\/www.fusteriamarti.com\/ca\/contacte\/\"]}]},{\"@type\":\"ImageObject\",\"inLanguage\":\"ca\",\"@id\":\"https:\/\/www.fusteriamarti.com\/ca\/contacte\/#primaryimage\",\"url\":\"https:\/\/www.fusteriamarti.com\/wp-content\/uploads\/2021\/02\/fusteriamarti-logo.jpg\",\"contentUrl\":\"https:\/\/www.fusteriamarti.com\/wp-content\/uploads\/2021\/02\/fusteriamarti-logo.jpg\",\"width\":300,\"height\":300},{\"@type\":\"BreadcrumbList\",\"@id\":\"https:\/\/www.fusteriamarti.com\/ca\/contacte\/#breadcrumb\",\"itemListElement\":[{\"@type\":\"ListItem\",\"position\":1,\"name\":\"Portada\",\"item\":\"https:\/\/www.fusteriamarti.com\/ca\/\"},{\"@type\":\"ListItem\",\"position\":2,\"name\":\"Contacte\"}]},{\"@type\":\"WebSite\",\"@id\":\"https:\/\/www.fusteriamarti.com\/ca\/#website\",\"url\":\"https:\/\/www.fusteriamarti.com\/ca\/\",\"name\":\"Fusteria Mart\u00ed\",\"description\":\"Treballant la fusta a Roses des de 1969\",\"publisher\":{\"@id\":\"https:\/\/www.fusteriamarti.com\/ca\/#organization\"},\"potentialAction\":[{\"@type\":\"SearchAction\",\"target\":{\"@type\":\"EntryPoint\",\"urlTemplate\":\"https:\/\/www.fusteriamarti.com\/ca\/?s={search_term_string}\"},\"query-input\":{\"@type\":\"PropertyValueSpecification\",\"valueRequired\":true,\"valueName\":\"search_term_string\"}}],\"inLanguage\":\"ca\"},{\"@type\":\"Organization\",\"@id\":\"https:\/\/www.fusteriamarti.com\/ca\/#organization\",\"name\":\"Fusteria Mart\u00ed\",\"url\":\"https:\/\/www.fusteriamarti.com\/ca\/\",\"logo\":{\"@type\":\"ImageObject\",\"inLanguage\":\"ca\",\"@id\":\"https:\/\/www.fusteriamarti.com\/ca\/#\/schema\/logo\/image\/\",\"url\":\"https:\/\/www.fusteriamarti.com\/wp-content\/uploads\/2021\/02\/logonou268px.png\",\"contentUrl\":\"https:\/\/www.fusteriamarti.com\/wp-content\/uploads\/2021\/02\/logonou268px.png\",\"width\":268,\"height\":38,\"caption\":\"Fusteria Mart\u00ed\"},\"image\":{\"@id\":\"https:\/\/www.fusteriamarti.com\/ca\/#\/schema\/logo\/image\/\"}}]}<\/script>\n<!-- \/ Yoast SEO plugin. -->","yoast_head_json":{"title":"Contacte &#8226; Fusteria Mart\u00ed","description":"Contacta amb nosaltres i demana pressupost totalment personalitzat i sense comprom\u00eds. Et donarem resposta el m\u00e9s aviat possible.","robots":{"index":"index","follow":"follow","max-snippet":"max-snippet:-1","max-image-preview":"max-image-preview:large","max-video-preview":"max-video-preview:-1"},"canonical":"https:\/\/www.fusteriamarti.com\/ca\/contacte\/","og_locale":"ca_ES","og_type":"article","og_title":"Contacte &#8226; Fusteria Mart\u00ed","og_description":"Contacta amb nosaltres i demana pressupost totalment personalitzat i sense comprom\u00eds. Et donarem resposta el m\u00e9s aviat possible.","og_url":"https:\/\/www.fusteriamarti.com\/ca\/contacte\/","og_site_name":"Fusteria Mart\u00ed","article_modified_time":"2025-02-06T18:53:08+00:00","og_image":[{"width":300,"height":300,"url":"https:\/\/www.fusteriamarti.com\/wp-content\/uploads\/2021\/02\/fusteriamarti-logo.jpg","type":"image\/jpeg"}],"twitter_card":"summary_large_image","schema":{"@context":"https:\/\/schema.org","@graph":[{"@type":"WebPage","@id":"https:\/\/www.fusteriamarti.com\/ca\/contacte\/","url":"https:\/\/www.fusteriamarti.com\/ca\/contacte\/","name":"Contacte &#8226; Fusteria Mart\u00ed","isPartOf":{"@id":"https:\/\/www.fusteriamarti.com\/ca\/#website"},"primaryImageOfPage":{"@id":"https:\/\/www.fusteriamarti.com\/ca\/contacte\/#primaryimage"},"image":{"@id":"https:\/\/www.fusteriamarti.com\/ca\/contacte\/#primaryimage"},"thumbnailUrl":"https:\/\/www.fusteriamarti.com\/wp-content\/uploads\/2021\/02\/fusteriamarti-logo.jpg","datePublished":"2021-02-25T08:45:56+00:00","dateModified":"2025-02-06T18:53:08+00:00","description":"Contacta amb nosaltres i demana pressupost totalment personalitzat i sense comprom\u00eds. Et donarem resposta el m\u00e9s aviat possible.","breadcrumb":{"@id":"https:\/\/www.fusteriamarti.com\/ca\/contacte\/#breadcrumb"},"inLanguage":"ca","potentialAction":[{"@type":"ReadAction","target":["https:\/\/www.fusteriamarti.com\/ca\/contacte\/"]}]},{"@type":"ImageObject","inLanguage":"ca","@id":"https:\/\/www.fusteriamarti.com\/ca\/contacte\/#primaryimage","url":"https:\/\/www.fusteriamarti.com\/wp-content\/uploads\/2021\/02\/fusteriamarti-logo.jpg","contentUrl":"https:\/\/www.fusteriamarti.com\/wp-content\/uploads\/2021\/02\/fusteriamarti-logo.jpg","width":300,"height":300},{"@type":"BreadcrumbList","@id":"https:\/\/www.fusteriamarti.com\/ca\/contacte\/#breadcrumb","itemListElement":[{"@type":"ListItem","position":1,"name":"Portada","item":"https:\/\/www.fusteriamarti.com\/ca\/"},{"@type":"ListItem","position":2,"name":"Contacte"}]},{"@type":"WebSite","@id":"https:\/\/www.fusteriamarti.com\/ca\/#website","url":"https:\/\/www.fusteriamarti.com\/ca\/","name":"Fusteria Mart\u00ed","description":"Treballant la fusta a Roses des de 1969","publisher":{"@id":"https:\/\/www.fusteriamarti.com\/ca\/#organization"},"potentialAction":[{"@type":"SearchAction","target":{"@type":"EntryPoint","urlTemplate":"https:\/\/www.fusteriamarti.com\/ca\/?s={search_term_string}"},"query-input":{"@type":"PropertyValueSpecification","valueRequired":true,"valueName":"search_term_string"}}],"inLanguage":"ca"},{"@type":"Organization","@id":"https:\/\/www.fusteriamarti.com\/ca\/#organization","name":"Fusteria Mart\u00ed","url":"https:\/\/www.fusteriamarti.com\/ca\/","logo":{"@type":"ImageObject","inLanguage":"ca","@id":"https:\/\/www.fusteriamarti.com\/ca\/#\/schema\/logo\/image\/","url":"https:\/\/www.fusteriamarti.com\/wp-content\/uploads\/2021\/02\/logonou268px.png","contentUrl":"https:\/\/www.fusteriamarti.com\/wp-content\/uploads\/2021\/02\/logonou268px.png","width":268,"height":38,"caption":"Fusteria Mart\u00ed"},"image":{"@id":"https:\/\/www.fusteriamarti.com\/ca\/#\/schema\/logo\/image\/"}}]}},"_links":{"self":[{"href":"https:\/\/www.fusteriamarti.com\/ca\/wp-json\/wp\/v2\/pages\/779","targetHints":{"allow":["GET"]}}],"collection":[{"href":"https:\/\/www.fusteriamarti.com\/ca\/wp-json\/wp\/v2\/pages"}],"about":[{"href":"https:\/\/www.fusteriamarti.com\/ca\/wp-json\/wp\/v2\/types\/page"}],"author":[{"embeddable":true,"href":"https:\/\/www.fusteriamarti.com\/ca\/wp-json\/wp\/v2\/users\/1"}],"replies":[{"embeddable":true,"href":"https:\/\/www.fusteriamarti.com\/ca\/wp-json\/wp\/v2\/comments?post=779"}],"version-history":[{"count":6,"href":"https:\/\/www.fusteriamarti.com\/ca\/wp-json\/wp\/v2\/pages\/779\/revisions"}],"predecessor-version":[{"id":1156,"href":"https:\/\/www.fusteriamarti.com\/ca\/wp-json\/wp\/v2\/pages\/779\/revisions\/1156"}],"wp:featuredmedia":[{"embeddable":true,"href":"https:\/\/www.fusteriamarti.com\/ca\/wp-json\/wp\/v2\/media\/776"}],"wp:attachment":[{"href":"https:\/\/www.fusteriamarti.com\/ca\/wp-json\/wp\/v2\/media?parent=779"}],"curies":[{"name":"wp","href":"https:\/\/api.w.org\/{rel}","templated":true}]}}