{"id":785,"date":"2021-02-25T09:39:59","date_gmt":"2021-02-25T09:39:59","guid":{"rendered":"https:\/\/www.fusteriamarti.com\/nosaltres\/"},"modified":"2021-02-25T09:39:59","modified_gmt":"2021-02-25T09:39:59","slug":"nosaltres","status":"publish","type":"page","link":"https:\/\/www.fusteriamarti.com\/ca\/nosaltres\/","title":{"rendered":"Nosaltres"},"content":{"rendered":"\t\t<div data-elementor-type=\"wp-page\" data-elementor-id=\"785\" class=\"elementor elementor-785 elementor-122\" data-elementor-post-type=\"page\">\n\t\t\t\t\t\t<section class=\"elementor-section elementor-top-section elementor-element elementor-element-0d92eb7 elementor-section-boxed elementor-section-height-default elementor-section-height-default\" data-id=\"0d92eb7\" data-element_type=\"section\" data-e-type=\"section\">\n\t\t\t\t\t\t<div class=\"elementor-container elementor-column-gap-default\">\n\t\t\t\t\t<div class=\"elementor-column elementor-col-100 elementor-top-column elementor-element elementor-element-01cb9ed\" data-id=\"01cb9ed\" data-element_type=\"column\" data-e-type=\"column\">\n\t\t\t<div class=\"elementor-widget-wrap elementor-element-populated\">\n\t\t\t\t\t\t<div class=\"elementor-element elementor-element-fb1295e elementor-widget elementor-widget-text-editor\" data-id=\"fb1295e\" data-element_type=\"widget\" data-e-type=\"widget\" data-widget_type=\"text-editor.default\">\n\t\t\t\t<div class=\"elementor-widget-container\">\n\t\t\t\t\t\t\t\t\t<p class=\"vc_custom_heading agni_custom_design_css agni_custom_heading_content \" data-css-default=\"padding-top: 90px; \" data-css-existing=\"font-size: 22px;text-align: center; \">&#8220;El meu pare ens va dir que est\u00e0vem bojos, que \u00e9rem un cul de mal seient. Encara aix\u00ed, ell va ser el primer a creure en nosaltres, comprant-nos al meu germ\u00e0 i a mi les nostres dues primeres m\u00e0quines, una regruixadora i una planejadora.&#8221;<\/p>\n<p class=\"vc_custom_heading agni_custom_design_css agni_custom_heading_content \" data-css-default=\"padding-top: 90px; \" data-css-existing=\"font-size: 22px;text-align: center; \"><em>Joan Mart\u00ed<\/em><\/p>\n\t\t\t\t\t\t\t\t<\/div>\n\t\t\t\t<\/div>\n\t\t\t\t\t<\/div>\n\t\t<\/div>\n\t\t\t\t\t<\/div>\n\t\t<\/section>\n\t\t\t\t<section class=\"elementor-section elementor-top-section elementor-element elementor-element-65ed399 elementor-section-boxed elementor-section-height-default elementor-section-height-default\" data-id=\"65ed399\" data-element_type=\"section\" data-e-type=\"section\">\n\t\t\t\t\t\t<div class=\"elementor-container elementor-column-gap-default\">\n\t\t\t\t\t<div class=\"elementor-column elementor-col-100 elementor-top-column elementor-element elementor-element-0d5917f\" data-id=\"0d5917f\" data-element_type=\"column\" data-e-type=\"column\">\n\t\t\t<div class=\"elementor-widget-wrap elementor-element-populated\">\n\t\t\t\t\t\t<div class=\"elementor-element elementor-element-e2c3951 elementor-widget elementor-widget-image\" data-id=\"e2c3951\" data-element_type=\"widget\" data-e-type=\"widget\" data-widget_type=\"image.default\">\n\t\t\t\t<div class=\"elementor-widget-container\">\n\t\t\t\t\t\t\t\t\t\t\t\t\t\t\t<img fetchpriority=\"high\" decoding=\"async\" width=\"800\" height=\"509\" src=\"https:\/\/www.fusteriamarti.com\/wp-content\/uploads\/2021\/02\/familiamartiportada-1024x651-1.jpg\" class=\"attachment-large size-large wp-image-655\" alt=\"\" srcset=\"https:\/\/www.fusteriamarti.com\/wp-content\/uploads\/2021\/02\/familiamartiportada-1024x651-1.jpg 1024w, https:\/\/www.fusteriamarti.com\/wp-content\/uploads\/2021\/02\/familiamartiportada-1024x651-1-300x191.jpg 300w, https:\/\/www.fusteriamarti.com\/wp-content\/uploads\/2021\/02\/familiamartiportada-1024x651-1-768x488.jpg 768w\" sizes=\"(max-width: 800px) 100vw, 800px\" \/>\t\t\t\t\t\t\t\t\t\t\t\t\t\t\t<\/div>\n\t\t\t\t<\/div>\n\t\t\t\t\t<\/div>\n\t\t<\/div>\n\t\t\t\t\t<\/div>\n\t\t<\/section>\n\t\t\t\t<section class=\"elementor-section elementor-top-section elementor-element elementor-element-567f8ac elementor-section-boxed elementor-section-height-default elementor-section-height-default\" data-id=\"567f8ac\" data-element_type=\"section\" data-e-type=\"section\">\n\t\t\t\t\t\t<div class=\"elementor-container elementor-column-gap-default\">\n\t\t\t\t\t<div class=\"elementor-column elementor-col-33 elementor-top-column elementor-element elementor-element-7d89d38\" data-id=\"7d89d38\" data-element_type=\"column\" data-e-type=\"column\">\n\t\t\t<div class=\"elementor-widget-wrap elementor-element-populated\">\n\t\t\t\t\t\t<div class=\"elementor-element elementor-element-da12efb elementor-widget elementor-widget-image\" data-id=\"da12efb\" data-element_type=\"widget\" data-e-type=\"widget\" data-widget_type=\"image.default\">\n\t\t\t\t<div class=\"elementor-widget-container\">\n\t\t\t\t\t\t\t\t\t\t\t\t\t\t\t<img decoding=\"async\" width=\"300\" height=\"300\" src=\"https:\/\/www.fusteriamarti.com\/wp-content\/uploads\/2021\/02\/tonimarti-300x300-1.jpg\" class=\"attachment-large size-large wp-image-649\" alt=\"\" srcset=\"https:\/\/www.fusteriamarti.com\/wp-content\/uploads\/2021\/02\/tonimarti-300x300-1.jpg 300w, https:\/\/www.fusteriamarti.com\/wp-content\/uploads\/2021\/02\/tonimarti-300x300-1-150x150.jpg 150w\" sizes=\"(max-width: 300px) 100vw, 300px\" \/>\t\t\t\t\t\t\t\t\t\t\t\t\t\t\t<\/div>\n\t\t\t\t<\/div>\n\t\t\t\t<div class=\"elementor-element elementor-element-4085a6a elementor-widget elementor-widget-text-editor\" data-id=\"4085a6a\" data-element_type=\"widget\" data-e-type=\"widget\" data-widget_type=\"text-editor.default\">\n\t\t\t\t<div class=\"elementor-widget-container\">\n\t\t\t\t\t\t\t\t\t<p>&#8220;El meu pare no volia que jo fos fuster, per\u00f2 quan vaig acabar l&#8217;institut i tenia molt clar que no volia estudiar cap altra cosa. El que realment m&#8217;apassionava era treballar amb la fusta i estava decidit a seguir endavant amb l&#8217;empresa.&#8221;<\/p>\n<p><em>Toni Mart\u00ed<\/em><\/p>\n\t\t\t\t\t\t\t\t<\/div>\n\t\t\t\t<\/div>\n\t\t\t\t\t<\/div>\n\t\t<\/div>\n\t\t\t\t<div class=\"elementor-column elementor-col-33 elementor-top-column elementor-element elementor-element-69b0998\" data-id=\"69b0998\" data-element_type=\"column\" data-e-type=\"column\">\n\t\t\t<div class=\"elementor-widget-wrap elementor-element-populated\">\n\t\t\t\t\t\t<div class=\"elementor-element elementor-element-6f4869e elementor-widget elementor-widget-text-editor\" data-id=\"6f4869e\" data-element_type=\"widget\" data-e-type=\"widget\" data-widget_type=\"text-editor.default\">\n\t\t\t\t<div class=\"elementor-widget-container\">\n\t\t\t\t\t\t\t\t\t<p>Ens remuntem als anys 50, a Torrevieja, Alacant. Joan Mart\u00ed amb tan sols 13 anys ja trastejava pel taller del seu pare, on van comen\u00e7ar fent rodes de carro, barques i finalment mobles.<\/p>\n<p>L&#8217;any 1963, la fam\u00edlia Mart\u00ed es trasllada a Roses, en ple cor de la Costa Brava, on ja amb 23 anys, Joan Mart\u00ed cont\u00ednua treballant per a un taller de fusteria del poble.<\/p>\n<p>Als 28 anys, un mat\u00ed un ve\u00ed apareix pel taller i diu que ven una casa amb un ampli magatzem sota, Joan veu en aquella oferta una oportunitat per a posar-se pel seu compte juntament amb el seu germ\u00e0 petit Francisco.<\/p>\n<p>Aix\u00ed \u00e9s com en 1969 neix de la m\u00e0 dels dos germans, Fusteria Mart\u00ed.<\/p>\n<p><em>\u201cEl meu pare ens va dir que est\u00e0vem bojos, que \u00e9rem un cul de mal seient. Encara aix\u00ed, ell va ser el primer a creure en nosaltres, comprant-nos nostres dues primeres m\u00e0quines, una planejadora i una regruixadora, que just fa nom\u00e9s uns pocs anys que vam canviar\u201d.<\/em><\/p>\n\t\t\t\t\t\t\t\t<\/div>\n\t\t\t\t<\/div>\n\t\t\t\t\t<\/div>\n\t\t<\/div>\n\t\t\t\t<div class=\"elementor-column elementor-col-33 elementor-top-column elementor-element elementor-element-c5b0045\" data-id=\"c5b0045\" data-element_type=\"column\" data-e-type=\"column\">\n\t\t\t<div class=\"elementor-widget-wrap elementor-element-populated\">\n\t\t\t\t\t\t<div class=\"elementor-element elementor-element-4806b9f elementor-widget elementor-widget-text-editor\" data-id=\"4806b9f\" data-element_type=\"widget\" data-e-type=\"widget\" data-widget_type=\"text-editor.default\">\n\t\t\t\t<div class=\"elementor-widget-container\">\n\t\t\t\t\t\t\t\t\t<p>Pocs anys m\u00e9s tard, neix Toni Mart\u00ed, que seguir\u00e0 els passos del seu pare. Amb nom\u00e9s 12 anyets ja es movia entre els taulons del taller i ajudava a l&#8217;estiu.<\/p>\n<p>M\u00e9s tard, als 16, va tenir m\u00e9s que clar que el que volia era seguir amb l&#8217;empresa.<\/p>\n<p><em>\u201cEl meu pare no volia que jo fos fuster, per\u00f2 quan vaig acabar l&#8217;institut i tenia molt clar que no volia estudiar cap altra cosa, que el que realment m&#8217;apassionava era treballar amb la fusta. Per aix\u00f2 em vaig posar a fer administraci\u00f3, per a poder fer-me c\u00e0rrec del negoci en un futur\u201d<\/em><\/p>\n<p>Aix\u00ed va ser, com a partir d&#8217;aquest moment, Toni Mart\u00ed va passar a formar part del negoci familiar.<\/p>\n<p>Quan els germans Joan i Francisco es jubilen, la fusteria passa a les mans de Toni, qui \u00e9s l&#8217;actual propietari.<\/p>\n\t\t\t\t\t\t\t\t<\/div>\n\t\t\t\t<\/div>\n\t\t\t\t\t<\/div>\n\t\t<\/div>\n\t\t\t\t\t<\/div>\n\t\t<\/section>\n\t\t\t\t<\/div>\n\t\t","protected":false},"excerpt":{"rendered":"<p>&#8220;El meu pare ens va dir que est\u00e0vem bojos, que \u00e9rem un cul de mal seient. Encara aix\u00ed, ell va ser el primer a creure en nosaltres, comprant-nos al meu germ\u00e0 i a mi les nostres dues primeres m\u00e0quines, una regruixadora i una planejadora.&#8221; Joan Mart\u00ed &#8220;El meu pare no volia que jo fos fuster, [&hellip;]<\/p>\n","protected":false},"author":1,"featured_media":0,"parent":0,"menu_order":0,"comment_status":"closed","ping_status":"closed","template":"elementor_header_footer","meta":{"footnotes":""},"class_list":["post-785","page","type-page","status-publish","hentry"],"yoast_head":"<!-- This site is optimized with the Yoast SEO plugin v27.2 - https:\/\/yoast.com\/product\/yoast-seo-wordpress\/ -->\n<title>Nosaltres &#8226; Fusteria Mart\u00ed<\/title>\n<meta name=\"description\" content=\"Aix\u00ed \u00e9s com en 1969 neix de la m\u00e0 dels dos germans, Fusteria Mart\u00ed.\" \/>\n<meta name=\"robots\" content=\"index, follow, max-snippet:-1, max-image-preview:large, max-video-preview:-1\" \/>\n<link rel=\"canonical\" href=\"https:\/\/www.fusteriamarti.com\/ca\/nosaltres\/\" \/>\n<meta property=\"og:locale\" content=\"ca_ES\" \/>\n<meta property=\"og:type\" content=\"article\" \/>\n<meta property=\"og:title\" content=\"Nosaltres &#8226; Fusteria Mart\u00ed\" \/>\n<meta property=\"og:description\" content=\"Aix\u00ed \u00e9s com en 1969 neix de la m\u00e0 dels dos germans, Fusteria Mart\u00ed.\" \/>\n<meta property=\"og:url\" content=\"https:\/\/www.fusteriamarti.com\/ca\/nosaltres\/\" \/>\n<meta property=\"og:site_name\" content=\"Fusteria Mart\u00ed\" \/>\n<meta property=\"og:image\" content=\"https:\/\/www.fusteriamarti.com\/wp-content\/uploads\/2021\/02\/familiamartiportada-1024x651-1.jpg\" \/>\n<meta name=\"twitter:card\" content=\"summary_large_image\" \/>\n<meta name=\"twitter:label1\" content=\"Temps estimat de lectura\" \/>\n\t<meta name=\"twitter:data1\" content=\"2 minuts\" \/>\n<script type=\"application\/ld+json\" class=\"yoast-schema-graph\">{\"@context\":\"https:\/\/schema.org\",\"@graph\":[{\"@type\":\"WebPage\",\"@id\":\"https:\/\/www.fusteriamarti.com\/ca\/nosaltres\/\",\"url\":\"https:\/\/www.fusteriamarti.com\/ca\/nosaltres\/\",\"name\":\"Nosaltres &#8226; Fusteria Mart\u00ed\",\"isPartOf\":{\"@id\":\"https:\/\/www.fusteriamarti.com\/ca\/#website\"},\"primaryImageOfPage\":{\"@id\":\"https:\/\/www.fusteriamarti.com\/ca\/nosaltres\/#primaryimage\"},\"image\":{\"@id\":\"https:\/\/www.fusteriamarti.com\/ca\/nosaltres\/#primaryimage\"},\"thumbnailUrl\":\"https:\/\/www.fusteriamarti.com\/wp-content\/uploads\/2021\/02\/familiamartiportada-1024x651-1.jpg\",\"datePublished\":\"2021-02-25T09:39:59+00:00\",\"description\":\"Aix\u00ed \u00e9s com en 1969 neix de la m\u00e0 dels dos germans, Fusteria Mart\u00ed.\",\"breadcrumb\":{\"@id\":\"https:\/\/www.fusteriamarti.com\/ca\/nosaltres\/#breadcrumb\"},\"inLanguage\":\"ca\",\"potentialAction\":[{\"@type\":\"ReadAction\",\"target\":[\"https:\/\/www.fusteriamarti.com\/ca\/nosaltres\/\"]}]},{\"@type\":\"ImageObject\",\"inLanguage\":\"ca\",\"@id\":\"https:\/\/www.fusteriamarti.com\/ca\/nosaltres\/#primaryimage\",\"url\":\"https:\/\/www.fusteriamarti.com\/wp-content\/uploads\/2021\/02\/familiamartiportada-1024x651-1.jpg\",\"contentUrl\":\"https:\/\/www.fusteriamarti.com\/wp-content\/uploads\/2021\/02\/familiamartiportada-1024x651-1.jpg\"},{\"@type\":\"BreadcrumbList\",\"@id\":\"https:\/\/www.fusteriamarti.com\/ca\/nosaltres\/#breadcrumb\",\"itemListElement\":[{\"@type\":\"ListItem\",\"position\":1,\"name\":\"Portada\",\"item\":\"https:\/\/www.fusteriamarti.com\/ca\/\"},{\"@type\":\"ListItem\",\"position\":2,\"name\":\"Nosaltres\"}]},{\"@type\":\"WebSite\",\"@id\":\"https:\/\/www.fusteriamarti.com\/ca\/#website\",\"url\":\"https:\/\/www.fusteriamarti.com\/ca\/\",\"name\":\"Fusteria Mart\u00ed\",\"description\":\"Treballant la fusta a Roses des de 1969\",\"publisher\":{\"@id\":\"https:\/\/www.fusteriamarti.com\/ca\/#organization\"},\"potentialAction\":[{\"@type\":\"SearchAction\",\"target\":{\"@type\":\"EntryPoint\",\"urlTemplate\":\"https:\/\/www.fusteriamarti.com\/ca\/?s={search_term_string}\"},\"query-input\":{\"@type\":\"PropertyValueSpecification\",\"valueRequired\":true,\"valueName\":\"search_term_string\"}}],\"inLanguage\":\"ca\"},{\"@type\":\"Organization\",\"@id\":\"https:\/\/www.fusteriamarti.com\/ca\/#organization\",\"name\":\"Fusteria Mart\u00ed\",\"url\":\"https:\/\/www.fusteriamarti.com\/ca\/\",\"logo\":{\"@type\":\"ImageObject\",\"inLanguage\":\"ca\",\"@id\":\"https:\/\/www.fusteriamarti.com\/ca\/#\/schema\/logo\/image\/\",\"url\":\"https:\/\/www.fusteriamarti.com\/wp-content\/uploads\/2021\/02\/logonou268px.png\",\"contentUrl\":\"https:\/\/www.fusteriamarti.com\/wp-content\/uploads\/2021\/02\/logonou268px.png\",\"width\":268,\"height\":38,\"caption\":\"Fusteria Mart\u00ed\"},\"image\":{\"@id\":\"https:\/\/www.fusteriamarti.com\/ca\/#\/schema\/logo\/image\/\"}}]}<\/script>\n<!-- \/ Yoast SEO plugin. -->","yoast_head_json":{"title":"Nosaltres &#8226; Fusteria Mart\u00ed","description":"Aix\u00ed \u00e9s com en 1969 neix de la m\u00e0 dels dos germans, Fusteria Mart\u00ed.","robots":{"index":"index","follow":"follow","max-snippet":"max-snippet:-1","max-image-preview":"max-image-preview:large","max-video-preview":"max-video-preview:-1"},"canonical":"https:\/\/www.fusteriamarti.com\/ca\/nosaltres\/","og_locale":"ca_ES","og_type":"article","og_title":"Nosaltres &#8226; Fusteria Mart\u00ed","og_description":"Aix\u00ed \u00e9s com en 1969 neix de la m\u00e0 dels dos germans, Fusteria Mart\u00ed.","og_url":"https:\/\/www.fusteriamarti.com\/ca\/nosaltres\/","og_site_name":"Fusteria Mart\u00ed","og_image":[{"url":"https:\/\/www.fusteriamarti.com\/wp-content\/uploads\/2021\/02\/familiamartiportada-1024x651-1.jpg","type":"","width":"","height":""}],"twitter_card":"summary_large_image","twitter_misc":{"Temps estimat de lectura":"2 minuts"},"schema":{"@context":"https:\/\/schema.org","@graph":[{"@type":"WebPage","@id":"https:\/\/www.fusteriamarti.com\/ca\/nosaltres\/","url":"https:\/\/www.fusteriamarti.com\/ca\/nosaltres\/","name":"Nosaltres &#8226; Fusteria Mart\u00ed","isPartOf":{"@id":"https:\/\/www.fusteriamarti.com\/ca\/#website"},"primaryImageOfPage":{"@id":"https:\/\/www.fusteriamarti.com\/ca\/nosaltres\/#primaryimage"},"image":{"@id":"https:\/\/www.fusteriamarti.com\/ca\/nosaltres\/#primaryimage"},"thumbnailUrl":"https:\/\/www.fusteriamarti.com\/wp-content\/uploads\/2021\/02\/familiamartiportada-1024x651-1.jpg","datePublished":"2021-02-25T09:39:59+00:00","description":"Aix\u00ed \u00e9s com en 1969 neix de la m\u00e0 dels dos germans, Fusteria Mart\u00ed.","breadcrumb":{"@id":"https:\/\/www.fusteriamarti.com\/ca\/nosaltres\/#breadcrumb"},"inLanguage":"ca","potentialAction":[{"@type":"ReadAction","target":["https:\/\/www.fusteriamarti.com\/ca\/nosaltres\/"]}]},{"@type":"ImageObject","inLanguage":"ca","@id":"https:\/\/www.fusteriamarti.com\/ca\/nosaltres\/#primaryimage","url":"https:\/\/www.fusteriamarti.com\/wp-content\/uploads\/2021\/02\/familiamartiportada-1024x651-1.jpg","contentUrl":"https:\/\/www.fusteriamarti.com\/wp-content\/uploads\/2021\/02\/familiamartiportada-1024x651-1.jpg"},{"@type":"BreadcrumbList","@id":"https:\/\/www.fusteriamarti.com\/ca\/nosaltres\/#breadcrumb","itemListElement":[{"@type":"ListItem","position":1,"name":"Portada","item":"https:\/\/www.fusteriamarti.com\/ca\/"},{"@type":"ListItem","position":2,"name":"Nosaltres"}]},{"@type":"WebSite","@id":"https:\/\/www.fusteriamarti.com\/ca\/#website","url":"https:\/\/www.fusteriamarti.com\/ca\/","name":"Fusteria Mart\u00ed","description":"Treballant la fusta a Roses des de 1969","publisher":{"@id":"https:\/\/www.fusteriamarti.com\/ca\/#organization"},"potentialAction":[{"@type":"SearchAction","target":{"@type":"EntryPoint","urlTemplate":"https:\/\/www.fusteriamarti.com\/ca\/?s={search_term_string}"},"query-input":{"@type":"PropertyValueSpecification","valueRequired":true,"valueName":"search_term_string"}}],"inLanguage":"ca"},{"@type":"Organization","@id":"https:\/\/www.fusteriamarti.com\/ca\/#organization","name":"Fusteria Mart\u00ed","url":"https:\/\/www.fusteriamarti.com\/ca\/","logo":{"@type":"ImageObject","inLanguage":"ca","@id":"https:\/\/www.fusteriamarti.com\/ca\/#\/schema\/logo\/image\/","url":"https:\/\/www.fusteriamarti.com\/wp-content\/uploads\/2021\/02\/logonou268px.png","contentUrl":"https:\/\/www.fusteriamarti.com\/wp-content\/uploads\/2021\/02\/logonou268px.png","width":268,"height":38,"caption":"Fusteria Mart\u00ed"},"image":{"@id":"https:\/\/www.fusteriamarti.com\/ca\/#\/schema\/logo\/image\/"}}]}},"_links":{"self":[{"href":"https:\/\/www.fusteriamarti.com\/ca\/wp-json\/wp\/v2\/pages\/785","targetHints":{"allow":["GET"]}}],"collection":[{"href":"https:\/\/www.fusteriamarti.com\/ca\/wp-json\/wp\/v2\/pages"}],"about":[{"href":"https:\/\/www.fusteriamarti.com\/ca\/wp-json\/wp\/v2\/types\/page"}],"author":[{"embeddable":true,"href":"https:\/\/www.fusteriamarti.com\/ca\/wp-json\/wp\/v2\/users\/1"}],"replies":[{"embeddable":true,"href":"https:\/\/www.fusteriamarti.com\/ca\/wp-json\/wp\/v2\/comments?post=785"}],"version-history":[{"count":1,"href":"https:\/\/www.fusteriamarti.com\/ca\/wp-json\/wp\/v2\/pages\/785\/revisions"}],"predecessor-version":[{"id":786,"href":"https:\/\/www.fusteriamarti.com\/ca\/wp-json\/wp\/v2\/pages\/785\/revisions\/786"}],"wp:attachment":[{"href":"https:\/\/www.fusteriamarti.com\/ca\/wp-json\/wp\/v2\/media?parent=785"}],"curies":[{"name":"wp","href":"https:\/\/api.w.org\/{rel}","templated":true}]}}