{"id":789,"date":"2021-02-25T09:57:38","date_gmt":"2021-02-25T09:57:38","guid":{"rendered":"https:\/\/www.fusteriamarti.com\/politica-de-privacitat\/"},"modified":"2021-02-25T09:57:38","modified_gmt":"2021-02-25T09:57:38","slug":"politica-de-privacitat","status":"publish","type":"page","link":"https:\/\/www.fusteriamarti.com\/ca\/politica-de-privacitat\/","title":{"rendered":"Pol\u00edtica de privacitat"},"content":{"rendered":"\t\t<div data-elementor-type=\"wp-page\" data-elementor-id=\"789\" class=\"elementor elementor-789 elementor-607\" data-elementor-post-type=\"page\">\n\t\t\t\t\t\t<section class=\"elementor-section elementor-top-section elementor-element elementor-element-7685b6c elementor-section-boxed elementor-section-height-default elementor-section-height-default\" data-id=\"7685b6c\" data-element_type=\"section\" data-e-type=\"section\">\n\t\t\t\t\t\t<div class=\"elementor-container elementor-column-gap-default\">\n\t\t\t\t\t<div class=\"elementor-column elementor-col-100 elementor-top-column elementor-element elementor-element-3056808\" data-id=\"3056808\" data-element_type=\"column\" data-e-type=\"column\">\n\t\t\t<div class=\"elementor-widget-wrap elementor-element-populated\">\n\t\t\t\t\t\t<div class=\"elementor-element elementor-element-e7863f4 elementor-widget elementor-widget-text-editor\" data-id=\"e7863f4\" data-element_type=\"widget\" data-e-type=\"widget\" data-widget_type=\"text-editor.default\">\n\t\t\t\t<div class=\"elementor-widget-container\">\n\t\t\t\t\t\t\t\t\t<p>1.\u00a0<strong>\u00das i tractament de dades de car\u00e0cter personal<\/strong><\/p>\n<p>ANTONI MART\u00cd SOLER (d&#8217;ara endavant, EL PROPIETARI DE LA WEB) l&#8217;informa que les dades de car\u00e0cter personal que poguessin proporcionar-se, a trav\u00e9s del website, aix\u00ed com els que pogu\u00e9s facilitar en el futur en el marc de la seva relaci\u00f3 jur\u00eddica amb aquesta entitat, seran incorporats en els fitxers titularitat del PROPIETARI DE LA WEB, les dades de la qual consten en l&#8217;encap\u00e7alament.<\/p>\n<p>Aquests fitxers tenen la finalitat de gestionar, administrar, prestar-li els serveis o facilitar-li els productes que sol\u00b7liciti, i en el seu cas, per al compliment i execuci\u00f3 dels contractes que pogu\u00e9s celebrar, con\u00e8ixer millor els seus gustos, adequar els serveis a les seves prefer\u00e8ncies, aix\u00ed com poder oferir-li nous serveis o productes i enviar-li informaci\u00f3 relacionada amb les activitats del PROPIETARI DE LA WEB, a trav\u00e9s de qualsevol mitj\u00e0, fins i tot l&#8217;electr\u00f2nic. Els destinataris de la informaci\u00f3 recollida seran, principalment, els empleats del PROPIETARI DE LA WEB.<\/p>\n<p>Excepte en els camps en qu\u00e8 expressament es determini el contrari per mitj\u00e0 d&#8217;un asterisc (*), les respostes a les preguntes sobre dades personals s\u00f3n volunt\u00e0ries, sense que la falta de contestaci\u00f3 a aquestes preguntes impliqui un minvament en la qualitat dels serveis que Vost\u00e8 sol\u00b7licita. La falta d&#8217;emplenament dels camps determinats com a obligatoris o el subministrament de dades incorrectes impossibilitar\u00e0 que EL PROPIETARI DE LA WEB pugui prestar-li els serveis o li faciliti els productes que sol\u00b7liciti.<\/p>\n<p>El consentiment atorgat per al tractament de les seves dades personals, pot ser revocat en qualsevol moment, dirigint-se a l&#8217;adre\u00e7a del PROPIETARI DE LA WEB o a trav\u00e9s del correu electr\u00f2nic info@fusteriamarti.com<\/p>\n<p>Els usuaris garanteixen i responen, en qualsevol cas, de l&#8217;exactitud, vig\u00e8ncia i autenticitat de les dades personals facilitades i es comprometen a mantenir-los degudament actualitzats.<\/p>\n<p>2.\u00a0<strong>Exercici de drets: acc\u00e9s, rectificaci\u00f3, cancel\u00b7laci\u00f3 i oposici\u00f3<\/strong><\/p>\n<p>Aquelles persones f\u00edsiques que hagin facilitat les seves dades al PROPIETARI DE LA WEB podran exercitar gratu\u00eftament els drets d&#8217;acc\u00e9s, rectificaci\u00f3, cancel\u00b7laci\u00f3 i oposici\u00f3 respecte de les dades incorporades en els fitxers del PROPIETARI DE LA WEB<\/p>\n<p>Donat el car\u00e0cter confidencial de la informaci\u00f3, Vost\u00e8 no podr\u00e0 exercitar els seus drets telef\u00f2nicament, l&#8217;ha de sol\u00b7licitar per qualsevol mitj\u00e0 que deixi const\u00e0ncia del seu enviament i de la seva recepci\u00f3 i remetre c\u00f2pia del seu DNI o document equivalent.<\/p>\n<p>L&#8217;interessat podr\u00e0 exercitar els seus drets mitjan\u00e7ant comunicaci\u00f3 per escrit dirigida al PROPIETARI DE LA WEB en la direcci\u00f3 indicada a l&#8217;inici o a l&#8217;adre\u00e7a de correu electr\u00f2nic info@fusteriamarti.com<\/p>\n<p>3.\u00a0<strong>Mesures de seguretat<\/strong><\/p>\n<p>EL PROPIETARI DE LA WEB l&#8217;informa que t\u00e9 implantades les mesures de seguretat d&#8217;\u00edndole t\u00e8cnica i organitzatives necess\u00e0ries per a garantir la seguretat de les seves dades de car\u00e0cter personal i evitar la seva alteraci\u00f3, p\u00e8rdua i tractament i\/o acc\u00e9s no autoritzat, tenint en compte de l&#8217;estat de la tecnologia, la naturalesa de les dades emmagatzemades i els riscos al fet que estan exposats, ja provinguin de l&#8217;acci\u00f3 humana o del medi f\u00edsic o natural.<\/p>\n<p>L&#8217;usuari ha de ser conscient que les mesures de seguretat en Internet no s\u00f3n inexpugnables i enterament fiables i que EL PROPIETARI DE LA WEB no pot garantir la inexist\u00e8ncia de virus o altres elements que poguessin produir alteracions en els sistemes inform\u00e0tics (programari i maquinari) de l&#8217;usuari.<\/p>\n<p>4.\u00a0<strong>Menors d&#8217;edat<\/strong><\/p>\n<p>En el sup\u00f2sit que algun dels serveis i productes vagin dirigits a menors de 14 anys. EL PROPIETARI DE LA WEB sol\u00b7licitar\u00e0 el consentiment dels pares o tutors per a la recollida de les dades personals del menor.<\/p>\n<p>EL PROPIETARI DE LA WEB no respon d&#8217;aquelles dades de menors que sense poder con\u00e8ixer EL PROPIETARI DE LA WEB aquest fet s&#8217;hagi facilitat sense el consentiment dels pares o tutors.<\/p>\n<p>5.\u00a0<strong>Modificaci\u00f3 de la pol\u00edtica de privacitat<\/strong><\/p>\n<p>EL PROPIETARI DE LA WEB es reserva el dret a modificar la seva Pol\u00edtica de Privacitat, d&#8217;acord amb el seu propi criteri, o motivat per un canvi doctrinal de l&#8217;Autoritat competent en Protecci\u00f3 de Dades, legislatiu o jurisprudencial. Qualsevol modificaci\u00f3 de la Pol\u00edtica de Privacitat ser\u00e0 publicada, abans de la seva efectiva aplicaci\u00f3. L&#8217;\u00fas de la Web despr\u00e9s d&#8217;aquests canvis, implicar\u00e0 l&#8217;acceptaci\u00f3 d&#8217;aquests.<\/p>\n<p>6.<strong>\u00a0Legislaci\u00f3 aplicable<\/strong><\/p>\n<p>Qualsevol controv\u00e8rsia que es derivi de l&#8217;\u00fas d&#8217;aquest site, ser\u00e0 regida, interpretada i sotmesa d&#8217;acord amb les lleis d&#8217;Espanya.<\/p>\n\t\t\t\t\t\t\t\t<\/div>\n\t\t\t\t<\/div>\n\t\t\t\t\t<\/div>\n\t\t<\/div>\n\t\t\t\t\t<\/div>\n\t\t<\/section>\n\t\t\t\t<\/div>\n\t\t","protected":false},"excerpt":{"rendered":"<p>1.\u00a0\u00das i tractament de dades de car\u00e0cter personal ANTONI MART\u00cd SOLER (d&#8217;ara endavant, EL PROPIETARI DE LA WEB) l&#8217;informa que les dades de car\u00e0cter personal que poguessin proporcionar-se, a trav\u00e9s del website, aix\u00ed com els que pogu\u00e9s facilitar en el futur en el marc de la seva relaci\u00f3 jur\u00eddica amb aquesta entitat, seran incorporats en [&hellip;]<\/p>\n","protected":false},"author":1,"featured_media":0,"parent":0,"menu_order":0,"comment_status":"closed","ping_status":"closed","template":"elementor_header_footer","meta":{"footnotes":""},"class_list":["post-789","page","type-page","status-publish","hentry"],"yoast_head":"<!-- This site is optimized with the Yoast SEO plugin v27.2 - https:\/\/yoast.com\/product\/yoast-seo-wordpress\/ -->\n<title>Pol\u00edtica de privacitat &#8226; Fusteria Mart\u00ed<\/title>\n<meta name=\"robots\" content=\"noindex, nofollow\" \/>\n<meta property=\"og:locale\" content=\"ca_ES\" \/>\n<meta property=\"og:type\" content=\"article\" \/>\n<meta property=\"og:title\" content=\"Pol\u00edtica de privacitat &#8226; Fusteria Mart\u00ed\" \/>\n<meta property=\"og:description\" content=\"1.\u00a0\u00das i tractament de dades de car\u00e0cter personal ANTONI MART\u00cd SOLER (d&#8217;ara endavant, EL PROPIETARI DE LA WEB) l&#8217;informa que les dades de car\u00e0cter personal que poguessin proporcionar-se, a trav\u00e9s del website, aix\u00ed com els que pogu\u00e9s facilitar en el futur en el marc de la seva relaci\u00f3 jur\u00eddica amb aquesta entitat, seran incorporats en [&hellip;]\" \/>\n<meta property=\"og:url\" content=\"https:\/\/www.fusteriamarti.com\/ca\/politica-de-privacitat\/\" \/>\n<meta property=\"og:site_name\" content=\"Fusteria Mart\u00ed\" \/>\n<meta name=\"twitter:card\" content=\"summary_large_image\" \/>\n<meta name=\"twitter:label1\" content=\"Temps estimat de lectura\" \/>\n\t<meta name=\"twitter:data1\" content=\"4 minuts\" \/>\n<script type=\"application\/ld+json\" class=\"yoast-schema-graph\">{\"@context\":\"https:\/\/schema.org\",\"@graph\":[{\"@type\":\"WebPage\",\"@id\":\"https:\/\/www.fusteriamarti.com\/ca\/politica-de-privacitat\/\",\"url\":\"https:\/\/www.fusteriamarti.com\/ca\/politica-de-privacitat\/\",\"name\":\"Pol\u00edtica de privacitat &#8226; Fusteria Mart\u00ed\",\"isPartOf\":{\"@id\":\"https:\/\/www.fusteriamarti.com\/ca\/#website\"},\"datePublished\":\"2021-02-25T09:57:38+00:00\",\"breadcrumb\":{\"@id\":\"https:\/\/www.fusteriamarti.com\/ca\/politica-de-privacitat\/#breadcrumb\"},\"inLanguage\":\"ca\",\"potentialAction\":[{\"@type\":\"ReadAction\",\"target\":[\"https:\/\/www.fusteriamarti.com\/ca\/politica-de-privacitat\/\"]}]},{\"@type\":\"BreadcrumbList\",\"@id\":\"https:\/\/www.fusteriamarti.com\/ca\/politica-de-privacitat\/#breadcrumb\",\"itemListElement\":[{\"@type\":\"ListItem\",\"position\":1,\"name\":\"Portada\",\"item\":\"https:\/\/www.fusteriamarti.com\/ca\/\"},{\"@type\":\"ListItem\",\"position\":2,\"name\":\"Pol\u00edtica de privacitat\"}]},{\"@type\":\"WebSite\",\"@id\":\"https:\/\/www.fusteriamarti.com\/ca\/#website\",\"url\":\"https:\/\/www.fusteriamarti.com\/ca\/\",\"name\":\"Fusteria Mart\u00ed\",\"description\":\"Treballant la fusta a Roses des de 1969\",\"publisher\":{\"@id\":\"https:\/\/www.fusteriamarti.com\/ca\/#organization\"},\"potentialAction\":[{\"@type\":\"SearchAction\",\"target\":{\"@type\":\"EntryPoint\",\"urlTemplate\":\"https:\/\/www.fusteriamarti.com\/ca\/?s={search_term_string}\"},\"query-input\":{\"@type\":\"PropertyValueSpecification\",\"valueRequired\":true,\"valueName\":\"search_term_string\"}}],\"inLanguage\":\"ca\"},{\"@type\":\"Organization\",\"@id\":\"https:\/\/www.fusteriamarti.com\/ca\/#organization\",\"name\":\"Fusteria Mart\u00ed\",\"url\":\"https:\/\/www.fusteriamarti.com\/ca\/\",\"logo\":{\"@type\":\"ImageObject\",\"inLanguage\":\"ca\",\"@id\":\"https:\/\/www.fusteriamarti.com\/ca\/#\/schema\/logo\/image\/\",\"url\":\"https:\/\/www.fusteriamarti.com\/wp-content\/uploads\/2021\/02\/logonou268px.png\",\"contentUrl\":\"https:\/\/www.fusteriamarti.com\/wp-content\/uploads\/2021\/02\/logonou268px.png\",\"width\":268,\"height\":38,\"caption\":\"Fusteria Mart\u00ed\"},\"image\":{\"@id\":\"https:\/\/www.fusteriamarti.com\/ca\/#\/schema\/logo\/image\/\"}}]}<\/script>\n<!-- \/ Yoast SEO plugin. -->","yoast_head_json":{"title":"Pol\u00edtica de privacitat &#8226; Fusteria Mart\u00ed","robots":{"index":"noindex","follow":"nofollow"},"og_locale":"ca_ES","og_type":"article","og_title":"Pol\u00edtica de privacitat &#8226; Fusteria Mart\u00ed","og_description":"1.\u00a0\u00das i tractament de dades de car\u00e0cter personal ANTONI MART\u00cd SOLER (d&#8217;ara endavant, EL PROPIETARI DE LA WEB) l&#8217;informa que les dades de car\u00e0cter personal que poguessin proporcionar-se, a trav\u00e9s del website, aix\u00ed com els que pogu\u00e9s facilitar en el futur en el marc de la seva relaci\u00f3 jur\u00eddica amb aquesta entitat, seran incorporats en [&hellip;]","og_url":"https:\/\/www.fusteriamarti.com\/ca\/politica-de-privacitat\/","og_site_name":"Fusteria Mart\u00ed","twitter_card":"summary_large_image","twitter_misc":{"Temps estimat de lectura":"4 minuts"},"schema":{"@context":"https:\/\/schema.org","@graph":[{"@type":"WebPage","@id":"https:\/\/www.fusteriamarti.com\/ca\/politica-de-privacitat\/","url":"https:\/\/www.fusteriamarti.com\/ca\/politica-de-privacitat\/","name":"Pol\u00edtica de privacitat &#8226; Fusteria Mart\u00ed","isPartOf":{"@id":"https:\/\/www.fusteriamarti.com\/ca\/#website"},"datePublished":"2021-02-25T09:57:38+00:00","breadcrumb":{"@id":"https:\/\/www.fusteriamarti.com\/ca\/politica-de-privacitat\/#breadcrumb"},"inLanguage":"ca","potentialAction":[{"@type":"ReadAction","target":["https:\/\/www.fusteriamarti.com\/ca\/politica-de-privacitat\/"]}]},{"@type":"BreadcrumbList","@id":"https:\/\/www.fusteriamarti.com\/ca\/politica-de-privacitat\/#breadcrumb","itemListElement":[{"@type":"ListItem","position":1,"name":"Portada","item":"https:\/\/www.fusteriamarti.com\/ca\/"},{"@type":"ListItem","position":2,"name":"Pol\u00edtica de privacitat"}]},{"@type":"WebSite","@id":"https:\/\/www.fusteriamarti.com\/ca\/#website","url":"https:\/\/www.fusteriamarti.com\/ca\/","name":"Fusteria Mart\u00ed","description":"Treballant la fusta a Roses des de 1969","publisher":{"@id":"https:\/\/www.fusteriamarti.com\/ca\/#organization"},"potentialAction":[{"@type":"SearchAction","target":{"@type":"EntryPoint","urlTemplate":"https:\/\/www.fusteriamarti.com\/ca\/?s={search_term_string}"},"query-input":{"@type":"PropertyValueSpecification","valueRequired":true,"valueName":"search_term_string"}}],"inLanguage":"ca"},{"@type":"Organization","@id":"https:\/\/www.fusteriamarti.com\/ca\/#organization","name":"Fusteria Mart\u00ed","url":"https:\/\/www.fusteriamarti.com\/ca\/","logo":{"@type":"ImageObject","inLanguage":"ca","@id":"https:\/\/www.fusteriamarti.com\/ca\/#\/schema\/logo\/image\/","url":"https:\/\/www.fusteriamarti.com\/wp-content\/uploads\/2021\/02\/logonou268px.png","contentUrl":"https:\/\/www.fusteriamarti.com\/wp-content\/uploads\/2021\/02\/logonou268px.png","width":268,"height":38,"caption":"Fusteria Mart\u00ed"},"image":{"@id":"https:\/\/www.fusteriamarti.com\/ca\/#\/schema\/logo\/image\/"}}]}},"_links":{"self":[{"href":"https:\/\/www.fusteriamarti.com\/ca\/wp-json\/wp\/v2\/pages\/789","targetHints":{"allow":["GET"]}}],"collection":[{"href":"https:\/\/www.fusteriamarti.com\/ca\/wp-json\/wp\/v2\/pages"}],"about":[{"href":"https:\/\/www.fusteriamarti.com\/ca\/wp-json\/wp\/v2\/types\/page"}],"author":[{"embeddable":true,"href":"https:\/\/www.fusteriamarti.com\/ca\/wp-json\/wp\/v2\/users\/1"}],"replies":[{"embeddable":true,"href":"https:\/\/www.fusteriamarti.com\/ca\/wp-json\/wp\/v2\/comments?post=789"}],"version-history":[{"count":1,"href":"https:\/\/www.fusteriamarti.com\/ca\/wp-json\/wp\/v2\/pages\/789\/revisions"}],"predecessor-version":[{"id":790,"href":"https:\/\/www.fusteriamarti.com\/ca\/wp-json\/wp\/v2\/pages\/789\/revisions\/790"}],"wp:attachment":[{"href":"https:\/\/www.fusteriamarti.com\/ca\/wp-json\/wp\/v2\/media?parent=789"}],"curies":[{"name":"wp","href":"https:\/\/api.w.org\/{rel}","templated":true}]}}