{"id":927,"date":"2021-07-06T10:39:45","date_gmt":"2021-07-06T10:39:45","guid":{"rendered":"https:\/\/www.fusteriamarti.com\/blog\/"},"modified":"2025-01-08T15:13:34","modified_gmt":"2025-01-08T15:13:34","slug":"blog","status":"publish","type":"page","link":"https:\/\/www.fusteriamarti.com\/ca\/blog\/","title":{"rendered":"Blog"},"content":{"rendered":"\t\t<div data-elementor-type=\"wp-page\" data-elementor-id=\"927\" class=\"elementor elementor-927 elementor-919\" data-elementor-post-type=\"page\">\n\t\t\t\t\t\t<section class=\"elementor-section elementor-top-section elementor-element elementor-element-30ee6e2 elementor-section-boxed elementor-section-height-default elementor-section-height-default\" data-id=\"30ee6e2\" data-element_type=\"section\" data-e-type=\"section\">\n\t\t\t\t\t\t<div class=\"elementor-container elementor-column-gap-default\">\n\t\t\t\t\t<div class=\"elementor-column elementor-col-100 elementor-top-column elementor-element elementor-element-83f8eb7\" data-id=\"83f8eb7\" data-element_type=\"column\" data-e-type=\"column\">\n\t\t\t<div class=\"elementor-widget-wrap elementor-element-populated\">\n\t\t\t\t\t\t<div class=\"elementor-element elementor-element-266f33d elementor-grid-3 elementor-grid-tablet-2 elementor-grid-mobile-1 elementor-posts--thumbnail-top elementor-card-shadow-yes elementor-posts__hover-gradient elementor-widget elementor-widget-posts\" data-id=\"266f33d\" data-element_type=\"widget\" data-e-type=\"widget\" data-settings=\"{&quot;pagination_type&quot;:&quot;load_more_infinite_scroll&quot;,&quot;cards_columns&quot;:&quot;3&quot;,&quot;cards_columns_tablet&quot;:&quot;2&quot;,&quot;cards_columns_mobile&quot;:&quot;1&quot;,&quot;cards_row_gap&quot;:{&quot;unit&quot;:&quot;px&quot;,&quot;size&quot;:35,&quot;sizes&quot;:[]},&quot;cards_row_gap_tablet&quot;:{&quot;unit&quot;:&quot;px&quot;,&quot;size&quot;:&quot;&quot;,&quot;sizes&quot;:[]},&quot;cards_row_gap_mobile&quot;:{&quot;unit&quot;:&quot;px&quot;,&quot;size&quot;:&quot;&quot;,&quot;sizes&quot;:[]},&quot;load_more_spinner&quot;:{&quot;value&quot;:&quot;fas fa-spinner&quot;,&quot;library&quot;:&quot;fa-solid&quot;}}\" data-widget_type=\"posts.cards\">\n\t\t\t\t<div class=\"elementor-widget-container\">\n\t\t\t\t\t\t\t<div class=\"elementor-posts-container elementor-posts elementor-posts--skin-cards elementor-grid\" role=\"list\">\n\t\t\t\t<article class=\"elementor-post elementor-grid-item post-1223 post type-post status-publish format-standard has-post-thumbnail hentry category-sense-categoria\" role=\"listitem\">\n\t\t\t<div class=\"elementor-post__card\">\n\t\t\t\t<a class=\"elementor-post__thumbnail__link\" href=\"https:\/\/www.fusteriamarti.com\/ca\/mobles-a-mesura-que-transformen-espais-a-girona\/\" tabindex=\"-1\" ><div class=\"elementor-post__thumbnail\"><img fetchpriority=\"high\" decoding=\"async\" width=\"300\" height=\"225\" src=\"https:\/\/www.fusteriamarti.com\/wp-content\/uploads\/2021\/02\/IMG_0033-300x225.jpeg\" class=\"attachment-medium size-medium wp-image-738\" alt=\"\" srcset=\"https:\/\/www.fusteriamarti.com\/wp-content\/uploads\/2021\/02\/IMG_0033-300x225.jpeg 300w, https:\/\/www.fusteriamarti.com\/wp-content\/uploads\/2021\/02\/IMG_0033-1024x768.jpeg 1024w, https:\/\/www.fusteriamarti.com\/wp-content\/uploads\/2021\/02\/IMG_0033-768x576.jpeg 768w, https:\/\/www.fusteriamarti.com\/wp-content\/uploads\/2021\/02\/IMG_0033-1536x1152.jpeg 1536w, https:\/\/www.fusteriamarti.com\/wp-content\/uploads\/2021\/02\/IMG_0033-2048x1536.jpeg 2048w\" sizes=\"(max-width: 300px) 100vw, 300px\" \/><\/div><\/a>\n\t\t\t\t<div class=\"elementor-post__text\">\n\t\t\t\t<h3 class=\"elementor-post__title\">\n\t\t\t<a href=\"https:\/\/www.fusteriamarti.com\/ca\/mobles-a-mesura-que-transformen-espais-a-girona\/\" >\n\t\t\t\tMobles a mesura que transformen espais a Girona\t\t\t<\/a>\n\t\t<\/h3>\n\t\t\t\t<div class=\"elementor-post__excerpt\">\n\t\t\t<p>A Fusteria Mart\u00ed, especialistes en fusteria en Roses, no sabem que una pe\u00e7a personal en una pe\u00e7a, sin\u00f3 una pe\u00e7a clau en la personalitat duna<\/p>\n\t\t<\/div>\n\t\t\n\t\t<a class=\"elementor-post__read-more\" href=\"https:\/\/www.fusteriamarti.com\/ca\/mobles-a-mesura-que-transformen-espais-a-girona\/\" aria-label=\"Read more about Mobles a mesura que transformen espais a Girona\" tabindex=\"-1\" >\n\t\t\tLeer m\u00e1s \u00bb\t\t<\/a>\n\n\t\t\t\t<\/div>\n\t\t\t\t<div class=\"elementor-post__meta-data\">\n\t\t\t\t\t<span class=\"elementor-post-date\">\n\t\t\t3 d'abril de 2026\t\t<\/span>\n\t\t\t\t<\/div>\n\t\t\t\t\t<\/div>\n\t\t<\/article>\n\t\t\t\t<article class=\"elementor-post elementor-grid-item post-1218 post type-post status-publish format-standard has-post-thumbnail hentry category-sense-categoria\" role=\"listitem\">\n\t\t\t<div class=\"elementor-post__card\">\n\t\t\t\t<a class=\"elementor-post__thumbnail__link\" href=\"https:\/\/www.fusteriamarti.com\/ca\/disseny-doficines-a-casa-amb-mobles-de-fusta-a-mida-a-girona\/\" tabindex=\"-1\" ><div class=\"elementor-post__thumbnail\"><img decoding=\"async\" width=\"300\" height=\"225\" src=\"https:\/\/www.fusteriamarti.com\/wp-content\/uploads\/2021\/02\/IMG_0006-300x225.jpeg\" class=\"attachment-medium size-medium wp-image-726\" alt=\"\" srcset=\"https:\/\/www.fusteriamarti.com\/wp-content\/uploads\/2021\/02\/IMG_0006-300x225.jpeg 300w, https:\/\/www.fusteriamarti.com\/wp-content\/uploads\/2021\/02\/IMG_0006-1024x768.jpeg 1024w, https:\/\/www.fusteriamarti.com\/wp-content\/uploads\/2021\/02\/IMG_0006-768x576.jpeg 768w, https:\/\/www.fusteriamarti.com\/wp-content\/uploads\/2021\/02\/IMG_0006-1536x1152.jpeg 1536w, https:\/\/www.fusteriamarti.com\/wp-content\/uploads\/2021\/02\/IMG_0006-2048x1536.jpeg 2048w\" sizes=\"(max-width: 300px) 100vw, 300px\" \/><\/div><\/a>\n\t\t\t\t<div class=\"elementor-post__text\">\n\t\t\t\t<h3 class=\"elementor-post__title\">\n\t\t\t<a href=\"https:\/\/www.fusteriamarti.com\/ca\/disseny-doficines-a-casa-amb-mobles-de-fusta-a-mida-a-girona\/\" >\n\t\t\t\tDisseny d\u00b4oficines a casa amb mobles de fusta a mida a Girona\t\t\t<\/a>\n\t\t<\/h3>\n\t\t\t\t<div class=\"elementor-post__excerpt\">\n\t\t\t<p>Idees per crear espais de treball funcionals i elegants A Fusteria Mart\u00ed portem anys ajudant a particulars i professionals a crear espais \u00fanics a trav\u00e9s<\/p>\n\t\t<\/div>\n\t\t\n\t\t<a class=\"elementor-post__read-more\" href=\"https:\/\/www.fusteriamarti.com\/ca\/disseny-doficines-a-casa-amb-mobles-de-fusta-a-mida-a-girona\/\" aria-label=\"Read more about Disseny d\u00b4oficines a casa amb mobles de fusta a mida a Girona\" tabindex=\"-1\" >\n\t\t\tLeer m\u00e1s \u00bb\t\t<\/a>\n\n\t\t\t\t<\/div>\n\t\t\t\t<div class=\"elementor-post__meta-data\">\n\t\t\t\t\t<span class=\"elementor-post-date\">\n\t\t\t2 de febrer de 2026\t\t<\/span>\n\t\t\t\t<\/div>\n\t\t\t\t\t<\/div>\n\t\t<\/article>\n\t\t\t\t<article class=\"elementor-post elementor-grid-item post-1214 post type-post status-publish format-standard has-post-thumbnail hentry category-sense-categoria\" role=\"listitem\">\n\t\t\t<div class=\"elementor-post__card\">\n\t\t\t\t<a class=\"elementor-post__thumbnail__link\" href=\"https:\/\/www.fusteriamarti.com\/ca\/mobiliari-dexterior-a-mida-disseny-durabilitat-i-calidesa-pel-teu-espai-a-girona\/\" tabindex=\"-1\" ><div class=\"elementor-post__thumbnail\"><img decoding=\"async\" width=\"300\" height=\"225\" src=\"https:\/\/www.fusteriamarti.com\/wp-content\/uploads\/2021\/02\/IMG_9615-300x225.jpeg\" class=\"attachment-medium size-medium wp-image-711\" alt=\"IMG_9615\" srcset=\"https:\/\/www.fusteriamarti.com\/wp-content\/uploads\/2021\/02\/IMG_9615-300x225.jpeg 300w, https:\/\/www.fusteriamarti.com\/wp-content\/uploads\/2021\/02\/IMG_9615-1024x768.jpeg 1024w, https:\/\/www.fusteriamarti.com\/wp-content\/uploads\/2021\/02\/IMG_9615-768x576.jpeg 768w, https:\/\/www.fusteriamarti.com\/wp-content\/uploads\/2021\/02\/IMG_9615-1536x1152.jpeg 1536w, https:\/\/www.fusteriamarti.com\/wp-content\/uploads\/2021\/02\/IMG_9615-2048x1536.jpeg 2048w\" sizes=\"(max-width: 300px) 100vw, 300px\" \/><\/div><\/a>\n\t\t\t\t<div class=\"elementor-post__text\">\n\t\t\t\t<h3 class=\"elementor-post__title\">\n\t\t\t<a href=\"https:\/\/www.fusteriamarti.com\/ca\/mobiliari-dexterior-a-mida-disseny-durabilitat-i-calidesa-pel-teu-espai-a-girona\/\" >\n\t\t\t\tMobiliari d&#8217;exterior a mida: disseny, durabilitat i calidesa pel teu espai a Girona\t\t\t<\/a>\n\t\t<\/h3>\n\t\t\t\t<div class=\"elementor-post__excerpt\">\n\t\t\t<p>A Fusteria Mart\u00ed, la teva fusteria a Roses, portem anys dissenyant i fabricant solucions a mida per a tot tipus d&#8217;espais exteriors: jardins, terrasses, patis<\/p>\n\t\t<\/div>\n\t\t\n\t\t<a class=\"elementor-post__read-more\" href=\"https:\/\/www.fusteriamarti.com\/ca\/mobiliari-dexterior-a-mida-disseny-durabilitat-i-calidesa-pel-teu-espai-a-girona\/\" aria-label=\"Read more about Mobiliari d&#8217;exterior a mida: disseny, durabilitat i calidesa pel teu espai a Girona\" tabindex=\"-1\" >\n\t\t\tLeer m\u00e1s \u00bb\t\t<\/a>\n\n\t\t\t\t<\/div>\n\t\t\t\t<div class=\"elementor-post__meta-data\">\n\t\t\t\t\t<span class=\"elementor-post-date\">\n\t\t\t5 de desembre de 2025\t\t<\/span>\n\t\t\t\t<\/div>\n\t\t\t\t\t<\/div>\n\t\t<\/article>\n\t\t\t\t<article class=\"elementor-post elementor-grid-item post-1200 post type-post status-publish format-standard has-post-thumbnail hentry category-sense-categoria\" role=\"listitem\">\n\t\t\t<div class=\"elementor-post__card\">\n\t\t\t\t<a class=\"elementor-post__thumbnail__link\" href=\"https:\/\/www.fusteriamarti.com\/ca\/com-transformar-la-teva-llar-amb-una-cuina-feta-a-mida-a-girona\/\" tabindex=\"-1\" ><div class=\"elementor-post__thumbnail\"><img loading=\"lazy\" decoding=\"async\" width=\"300\" height=\"225\" src=\"https:\/\/www.fusteriamarti.com\/wp-content\/uploads\/2021\/02\/IMG_0978-300x225.jpeg\" class=\"attachment-medium size-medium wp-image-759\" alt=\"\" srcset=\"https:\/\/www.fusteriamarti.com\/wp-content\/uploads\/2021\/02\/IMG_0978-300x225.jpeg 300w, https:\/\/www.fusteriamarti.com\/wp-content\/uploads\/2021\/02\/IMG_0978-1024x768.jpeg 1024w, https:\/\/www.fusteriamarti.com\/wp-content\/uploads\/2021\/02\/IMG_0978-768x576.jpeg 768w, https:\/\/www.fusteriamarti.com\/wp-content\/uploads\/2021\/02\/IMG_0978-1536x1152.jpeg 1536w, https:\/\/www.fusteriamarti.com\/wp-content\/uploads\/2021\/02\/IMG_0978-2048x1536.jpeg 2048w\" sizes=\"(max-width: 300px) 100vw, 300px\" \/><\/div><\/a>\n\t\t\t\t<div class=\"elementor-post__text\">\n\t\t\t\t<h3 class=\"elementor-post__title\">\n\t\t\t<a href=\"https:\/\/www.fusteriamarti.com\/ca\/com-transformar-la-teva-llar-amb-una-cuina-feta-a-mida-a-girona\/\" >\n\t\t\t\tCom transformar la teva llar amb una cuina feta a mida a Girona\t\t\t<\/a>\n\t\t<\/h3>\n\t\t\t\t<div class=\"elementor-post__excerpt\">\n\t\t\t<p>A Fusteria Mart\u00ed sabem que la cuina \u00e9s molt m\u00e9s que un espai funcional: \u00e9s el cor de la casa, el lloc on es comparteix,<\/p>\n\t\t<\/div>\n\t\t\n\t\t<a class=\"elementor-post__read-more\" href=\"https:\/\/www.fusteriamarti.com\/ca\/com-transformar-la-teva-llar-amb-una-cuina-feta-a-mida-a-girona\/\" aria-label=\"Read more about Com transformar la teva llar amb una cuina feta a mida a Girona\" tabindex=\"-1\" >\n\t\t\tLeer m\u00e1s \u00bb\t\t<\/a>\n\n\t\t\t\t<\/div>\n\t\t\t\t<div class=\"elementor-post__meta-data\">\n\t\t\t\t\t<span class=\"elementor-post-date\">\n\t\t\t2 d'octubre de 2025\t\t<\/span>\n\t\t\t\t<\/div>\n\t\t\t\t\t<\/div>\n\t\t<\/article>\n\t\t\t\t<article class=\"elementor-post elementor-grid-item post-1193 post type-post status-publish format-standard has-post-thumbnail hentry category-sense-categoria\" role=\"listitem\">\n\t\t\t<div class=\"elementor-post__card\">\n\t\t\t\t<a class=\"elementor-post__thumbnail__link\" href=\"https:\/\/www.fusteriamarti.com\/ca\/pergoles-de-fusta-disseny-ombra-i-calidesa-pel-teu-jardi-a-girona\/\" tabindex=\"-1\" ><div class=\"elementor-post__thumbnail\"><img loading=\"lazy\" decoding=\"async\" width=\"300\" height=\"225\" src=\"https:\/\/www.fusteriamarti.com\/wp-content\/uploads\/2021\/02\/IMG_5777-300x225.jpeg\" class=\"attachment-medium size-medium wp-image-774\" alt=\"\" srcset=\"https:\/\/www.fusteriamarti.com\/wp-content\/uploads\/2021\/02\/IMG_5777-300x225.jpeg 300w, https:\/\/www.fusteriamarti.com\/wp-content\/uploads\/2021\/02\/IMG_5777-1024x768.jpeg 1024w, https:\/\/www.fusteriamarti.com\/wp-content\/uploads\/2021\/02\/IMG_5777-768x576.jpeg 768w, https:\/\/www.fusteriamarti.com\/wp-content\/uploads\/2021\/02\/IMG_5777-1536x1152.jpeg 1536w, https:\/\/www.fusteriamarti.com\/wp-content\/uploads\/2021\/02\/IMG_5777-2048x1536.jpeg 2048w\" sizes=\"(max-width: 300px) 100vw, 300px\" \/><\/div><\/a>\n\t\t\t\t<div class=\"elementor-post__text\">\n\t\t\t\t<h3 class=\"elementor-post__title\">\n\t\t\t<a href=\"https:\/\/www.fusteriamarti.com\/ca\/pergoles-de-fusta-disseny-ombra-i-calidesa-pel-teu-jardi-a-girona\/\" >\n\t\t\t\tP\u00e8rgoles de fusta: disseny, ombra i calidesa pel teu jard\u00ed a Girona\t\t\t<\/a>\n\t\t<\/h3>\n\t\t\t\t<div class=\"elementor-post__excerpt\">\n\t\t\t<p>A Fusteria Mart\u00ed, la teva fusteria a Roses, som especialistes en estructures de fusta a mesura que combinen funcionalitat, est\u00e8tica i durada. Un dels elements<\/p>\n\t\t<\/div>\n\t\t\n\t\t<a class=\"elementor-post__read-more\" href=\"https:\/\/www.fusteriamarti.com\/ca\/pergoles-de-fusta-disseny-ombra-i-calidesa-pel-teu-jardi-a-girona\/\" aria-label=\"Read more about P\u00e8rgoles de fusta: disseny, ombra i calidesa pel teu jard\u00ed a Girona\" tabindex=\"-1\" >\n\t\t\tLeer m\u00e1s \u00bb\t\t<\/a>\n\n\t\t\t\t<\/div>\n\t\t\t\t<div class=\"elementor-post__meta-data\">\n\t\t\t\t\t<span class=\"elementor-post-date\">\n\t\t\t12 d'agost de 2025\t\t<\/span>\n\t\t\t\t<\/div>\n\t\t\t\t\t<\/div>\n\t\t<\/article>\n\t\t\t\t<article class=\"elementor-post elementor-grid-item post-1187 post type-post status-publish format-standard has-post-thumbnail hentry category-blog-ca\" role=\"listitem\">\n\t\t\t<div class=\"elementor-post__card\">\n\t\t\t\t<a class=\"elementor-post__thumbnail__link\" href=\"https:\/\/www.fusteriamarti.com\/ca\/la-calidesa-de-la-fusta-al-teu-negoci-funcionalitat-disseny-i-proximitat\/\" tabindex=\"-1\" ><div class=\"elementor-post__thumbnail\"><img loading=\"lazy\" decoding=\"async\" width=\"300\" height=\"225\" src=\"https:\/\/www.fusteriamarti.com\/wp-content\/uploads\/2021\/02\/IMG_4660-1-300x225.jpeg\" class=\"attachment-medium size-medium wp-image-714\" alt=\"\" srcset=\"https:\/\/www.fusteriamarti.com\/wp-content\/uploads\/2021\/02\/IMG_4660-1-300x225.jpeg 300w, https:\/\/www.fusteriamarti.com\/wp-content\/uploads\/2021\/02\/IMG_4660-1-1024x768.jpeg 1024w, https:\/\/www.fusteriamarti.com\/wp-content\/uploads\/2021\/02\/IMG_4660-1-768x576.jpeg 768w, https:\/\/www.fusteriamarti.com\/wp-content\/uploads\/2021\/02\/IMG_4660-1-1536x1152.jpeg 1536w, https:\/\/www.fusteriamarti.com\/wp-content\/uploads\/2021\/02\/IMG_4660-1-2048x1536.jpeg 2048w\" sizes=\"(max-width: 300px) 100vw, 300px\" \/><\/div><\/a>\n\t\t\t\t<div class=\"elementor-post__text\">\n\t\t\t\t<h3 class=\"elementor-post__title\">\n\t\t\t<a href=\"https:\/\/www.fusteriamarti.com\/ca\/la-calidesa-de-la-fusta-al-teu-negoci-funcionalitat-disseny-i-proximitat\/\" >\n\t\t\t\tLa calidesa de la fusta al teu negoci: funcionalitat, disseny i proximitat\t\t\t<\/a>\n\t\t<\/h3>\n\t\t\t\t<div class=\"elementor-post__excerpt\">\n\t\t\t<p>A Fusteria Mart\u00ed, el teu especialista en fusteria a Roses, treballem cada dia per ajudar professionals i negocis a crear espais \u00fanics, funcionals i amb<\/p>\n\t\t<\/div>\n\t\t\n\t\t<a class=\"elementor-post__read-more\" href=\"https:\/\/www.fusteriamarti.com\/ca\/la-calidesa-de-la-fusta-al-teu-negoci-funcionalitat-disseny-i-proximitat\/\" aria-label=\"Read more about La calidesa de la fusta al teu negoci: funcionalitat, disseny i proximitat\" tabindex=\"-1\" >\n\t\t\tLeer m\u00e1s \u00bb\t\t<\/a>\n\n\t\t\t\t<\/div>\n\t\t\t\t<div class=\"elementor-post__meta-data\">\n\t\t\t\t\t<span class=\"elementor-post-date\">\n\t\t\t20 de juny de 2025\t\t<\/span>\n\t\t\t\t<\/div>\n\t\t\t\t\t<\/div>\n\t\t<\/article>\n\t\t\t\t<\/div>\n\t\t\t\t\t<span class=\"e-load-more-spinner\">\n\t\t\t\t<i aria-hidden=\"true\" class=\"fas fa-spinner\"><\/i>\t\t\t<\/span>\n\t\t\n\t\t\t\t<div class=\"e-load-more-anchor\" data-page=\"1\" data-max-page=\"8\" data-next-page=\"https:\/\/www.fusteriamarti.com\/ca\/wp-json\/wp\/v2\/pages\/927\/page\/2\/\"><\/div>\n\t\t\t\t<div class=\"e-load-more-message\"><\/div>\n\t\t\t\t\t\t<\/div>\n\t\t\t\t<\/div>\n\t\t\t\t\t<\/div>\n\t\t<\/div>\n\t\t\t\t\t<\/div>\n\t\t<\/section>\n\t\t\t\t<\/div>\n\t\t","protected":false},"excerpt":{"rendered":"","protected":false},"author":1,"featured_media":0,"parent":0,"menu_order":0,"comment_status":"closed","ping_status":"closed","template":"","meta":{"footnotes":""},"class_list":["post-927","page","type-page","status-publish","hentry"],"yoast_head":"<!-- This site is optimized with the Yoast SEO plugin v27.2 - https:\/\/yoast.com\/product\/yoast-seo-wordpress\/ -->\n<title>Blog &#8226; Fusteria Mart\u00ed<\/title>\n<meta name=\"robots\" content=\"index, follow, max-snippet:-1, max-image-preview:large, max-video-preview:-1\" \/>\n<link rel=\"canonical\" href=\"https:\/\/www.fusteriamarti.com\/ca\/blog\/\" \/>\n<meta property=\"og:locale\" content=\"ca_ES\" \/>\n<meta property=\"og:type\" content=\"article\" \/>\n<meta property=\"og:title\" content=\"Blog &#8226; Fusteria Mart\u00ed\" \/>\n<meta property=\"og:url\" content=\"https:\/\/www.fusteriamarti.com\/ca\/blog\/\" \/>\n<meta property=\"og:site_name\" content=\"Fusteria Mart\u00ed\" \/>\n<meta property=\"article:modified_time\" content=\"2025-01-08T15:13:34+00:00\" \/>\n<meta name=\"twitter:card\" content=\"summary_large_image\" \/>\n<meta name=\"twitter:label1\" content=\"Temps estimat de lectura\" \/>\n\t<meta name=\"twitter:data1\" content=\"5 minuts\" \/>\n<script type=\"application\/ld+json\" class=\"yoast-schema-graph\">{\"@context\":\"https:\/\/schema.org\",\"@graph\":[{\"@type\":\"WebPage\",\"@id\":\"https:\/\/www.fusteriamarti.com\/ca\/blog\/\",\"url\":\"https:\/\/www.fusteriamarti.com\/ca\/blog\/\",\"name\":\"Blog &#8226; Fusteria Mart\u00ed\",\"isPartOf\":{\"@id\":\"https:\/\/www.fusteriamarti.com\/ca\/#website\"},\"datePublished\":\"2021-07-06T10:39:45+00:00\",\"dateModified\":\"2025-01-08T15:13:34+00:00\",\"breadcrumb\":{\"@id\":\"https:\/\/www.fusteriamarti.com\/ca\/blog\/#breadcrumb\"},\"inLanguage\":\"ca\",\"potentialAction\":[{\"@type\":\"ReadAction\",\"target\":[\"https:\/\/www.fusteriamarti.com\/ca\/blog\/\"]}]},{\"@type\":\"BreadcrumbList\",\"@id\":\"https:\/\/www.fusteriamarti.com\/ca\/blog\/#breadcrumb\",\"itemListElement\":[{\"@type\":\"ListItem\",\"position\":1,\"name\":\"Portada\",\"item\":\"https:\/\/www.fusteriamarti.com\/ca\/\"},{\"@type\":\"ListItem\",\"position\":2,\"name\":\"Blog\"}]},{\"@type\":\"WebSite\",\"@id\":\"https:\/\/www.fusteriamarti.com\/ca\/#website\",\"url\":\"https:\/\/www.fusteriamarti.com\/ca\/\",\"name\":\"Fusteria Mart\u00ed\",\"description\":\"Treballant la fusta a Roses des de 1969\",\"publisher\":{\"@id\":\"https:\/\/www.fusteriamarti.com\/ca\/#organization\"},\"potentialAction\":[{\"@type\":\"SearchAction\",\"target\":{\"@type\":\"EntryPoint\",\"urlTemplate\":\"https:\/\/www.fusteriamarti.com\/ca\/?s={search_term_string}\"},\"query-input\":{\"@type\":\"PropertyValueSpecification\",\"valueRequired\":true,\"valueName\":\"search_term_string\"}}],\"inLanguage\":\"ca\"},{\"@type\":\"Organization\",\"@id\":\"https:\/\/www.fusteriamarti.com\/ca\/#organization\",\"name\":\"Fusteria Mart\u00ed\",\"url\":\"https:\/\/www.fusteriamarti.com\/ca\/\",\"logo\":{\"@type\":\"ImageObject\",\"inLanguage\":\"ca\",\"@id\":\"https:\/\/www.fusteriamarti.com\/ca\/#\/schema\/logo\/image\/\",\"url\":\"https:\/\/www.fusteriamarti.com\/wp-content\/uploads\/2021\/02\/logonou268px.png\",\"contentUrl\":\"https:\/\/www.fusteriamarti.com\/wp-content\/uploads\/2021\/02\/logonou268px.png\",\"width\":268,\"height\":38,\"caption\":\"Fusteria Mart\u00ed\"},\"image\":{\"@id\":\"https:\/\/www.fusteriamarti.com\/ca\/#\/schema\/logo\/image\/\"}}]}<\/script>\n<!-- \/ Yoast SEO plugin. -->","yoast_head_json":{"title":"Blog &#8226; Fusteria Mart\u00ed","robots":{"index":"index","follow":"follow","max-snippet":"max-snippet:-1","max-image-preview":"max-image-preview:large","max-video-preview":"max-video-preview:-1"},"canonical":"https:\/\/www.fusteriamarti.com\/ca\/blog\/","og_locale":"ca_ES","og_type":"article","og_title":"Blog &#8226; Fusteria Mart\u00ed","og_url":"https:\/\/www.fusteriamarti.com\/ca\/blog\/","og_site_name":"Fusteria Mart\u00ed","article_modified_time":"2025-01-08T15:13:34+00:00","twitter_card":"summary_large_image","twitter_misc":{"Temps estimat de lectura":"5 minuts"},"schema":{"@context":"https:\/\/schema.org","@graph":[{"@type":"WebPage","@id":"https:\/\/www.fusteriamarti.com\/ca\/blog\/","url":"https:\/\/www.fusteriamarti.com\/ca\/blog\/","name":"Blog &#8226; Fusteria Mart\u00ed","isPartOf":{"@id":"https:\/\/www.fusteriamarti.com\/ca\/#website"},"datePublished":"2021-07-06T10:39:45+00:00","dateModified":"2025-01-08T15:13:34+00:00","breadcrumb":{"@id":"https:\/\/www.fusteriamarti.com\/ca\/blog\/#breadcrumb"},"inLanguage":"ca","potentialAction":[{"@type":"ReadAction","target":["https:\/\/www.fusteriamarti.com\/ca\/blog\/"]}]},{"@type":"BreadcrumbList","@id":"https:\/\/www.fusteriamarti.com\/ca\/blog\/#breadcrumb","itemListElement":[{"@type":"ListItem","position":1,"name":"Portada","item":"https:\/\/www.fusteriamarti.com\/ca\/"},{"@type":"ListItem","position":2,"name":"Blog"}]},{"@type":"WebSite","@id":"https:\/\/www.fusteriamarti.com\/ca\/#website","url":"https:\/\/www.fusteriamarti.com\/ca\/","name":"Fusteria Mart\u00ed","description":"Treballant la fusta a Roses des de 1969","publisher":{"@id":"https:\/\/www.fusteriamarti.com\/ca\/#organization"},"potentialAction":[{"@type":"SearchAction","target":{"@type":"EntryPoint","urlTemplate":"https:\/\/www.fusteriamarti.com\/ca\/?s={search_term_string}"},"query-input":{"@type":"PropertyValueSpecification","valueRequired":true,"valueName":"search_term_string"}}],"inLanguage":"ca"},{"@type":"Organization","@id":"https:\/\/www.fusteriamarti.com\/ca\/#organization","name":"Fusteria Mart\u00ed","url":"https:\/\/www.fusteriamarti.com\/ca\/","logo":{"@type":"ImageObject","inLanguage":"ca","@id":"https:\/\/www.fusteriamarti.com\/ca\/#\/schema\/logo\/image\/","url":"https:\/\/www.fusteriamarti.com\/wp-content\/uploads\/2021\/02\/logonou268px.png","contentUrl":"https:\/\/www.fusteriamarti.com\/wp-content\/uploads\/2021\/02\/logonou268px.png","width":268,"height":38,"caption":"Fusteria Mart\u00ed"},"image":{"@id":"https:\/\/www.fusteriamarti.com\/ca\/#\/schema\/logo\/image\/"}}]}},"_links":{"self":[{"href":"https:\/\/www.fusteriamarti.com\/ca\/wp-json\/wp\/v2\/pages\/927","targetHints":{"allow":["GET"]}}],"collection":[{"href":"https:\/\/www.fusteriamarti.com\/ca\/wp-json\/wp\/v2\/pages"}],"about":[{"href":"https:\/\/www.fusteriamarti.com\/ca\/wp-json\/wp\/v2\/types\/page"}],"author":[{"embeddable":true,"href":"https:\/\/www.fusteriamarti.com\/ca\/wp-json\/wp\/v2\/users\/1"}],"replies":[{"embeddable":true,"href":"https:\/\/www.fusteriamarti.com\/ca\/wp-json\/wp\/v2\/comments?post=927"}],"version-history":[{"count":13,"href":"https:\/\/www.fusteriamarti.com\/ca\/wp-json\/wp\/v2\/pages\/927\/revisions"}],"predecessor-version":[{"id":1104,"href":"https:\/\/www.fusteriamarti.com\/ca\/wp-json\/wp\/v2\/pages\/927\/revisions\/1104"}],"wp:attachment":[{"href":"https:\/\/www.fusteriamarti.com\/ca\/wp-json\/wp\/v2\/media?parent=927"}],"curies":[{"name":"wp","href":"https:\/\/api.w.org\/{rel}","templated":true}]}}